{"id":5955,"date":"2026-04-08T05:35:26","date_gmt":"2026-04-08T03:35:26","guid":{"rendered":"https:\/\/procontainers.eu\/?page_id=5955"},"modified":"2026-04-08T05:37:46","modified_gmt":"2026-04-08T03:37:46","slug":"jelenia-gora","status":"publish","type":"page","link":"https:\/\/procontainers.eu\/en\/realizacje\/jelenia-gora\/","title":{"rendered":"Jelenia G\u00f3ra"},"content":{"rendered":"<div data-elementor-type=\"wp-page\" data-elementor-id=\"5955\" class=\"elementor elementor-5955\" data-elementor-post-type=\"page\">\n\t\t\t\t<div class=\"elementor-element elementor-element-248ea9a e-flex e-con-boxed e-con e-parent\" data-id=\"248ea9a\" data-element_type=\"container\" data-e-type=\"container\">\n\t\t\t\t\t<div class=\"e-con-inner\">\n\t\t<div class=\"elementor-element elementor-element-3fbd5ad e-con-full e-flex e-con e-child\" data-id=\"3fbd5ad\" data-element_type=\"container\" data-e-type=\"container\">\n\t\t<div class=\"elementor-element elementor-element-8b48362 e-con-full e-flex e-con e-child\" data-id=\"8b48362\" data-element_type=\"container\" data-e-type=\"container\">\n\t\t\t\t<div class=\"elementor-element elementor-element-51567fb elementor-widget__width-auto elementor-widget elementor-widget-heading\" data-id=\"51567fb\" data-element_type=\"widget\" data-e-type=\"widget\" data-widget_type=\"heading.default\">\n\t\t\t\t\t<h1 class=\"elementor-heading-title elementor-size-default\">Jelenia G\u00f3ra<\/h1>\t\t\t\t<\/div>\n\t\t\t\t<div class=\"elementor-element elementor-element-3ffb38b elementor-hidden-desktop elementor-hidden-tablet elementor-hidden-mobile elementor-icon-list--layout-traditional elementor-list-item-link-full_width elementor-widget elementor-widget-icon-list\" data-id=\"3ffb38b\" data-element_type=\"widget\" data-e-type=\"widget\" data-widget_type=\"icon-list.default\">\n\t\t\t\t\t\t\t<ul class=\"elementor-icon-list-items\">\n\t\t\t\t\t\t\t<li class=\"elementor-icon-list-item\">\n\t\t\t\t\t\t\t\t\t\t\t<span class=\"elementor-icon-list-icon\">\n\t\t\t\t\t\t\t<svg xmlns=\"http:\/\/www.w3.org\/2000\/svg\" height=\"24px\" viewbox=\"0 -960 960 960\" width=\"24px\" fill=\"#1E73E6\"><path d=\"M480-480ZM210.08-79.23 168.31-122l128-128H191.69v-60h206.39v206.38h-60v-103.61l-128 128ZM485.77-100v-60h221.92q5.39 0 8.85-3.46t3.46-8.85V-620H540v-180H252.31q-5.39 0-8.85 3.46t-3.46 8.85v390h-60v-390q0-29.92 21.19-51.12Q222.39-860 252.31-860H570l210 210v477.69q0 29.92-21.19 51.12Q737.61-100 707.69-100H485.77Z\"><\/path><\/svg>\t\t\t\t\t\t<\/span>\n\t\t\t\t\t\t\t\t\t\t<span class=\"elementor-icon-list-text\">Visit website<\/span>\n\t\t\t\t\t\t\t\t\t<\/li>\n\t\t\t\t\t\t<\/ul>\n\t\t\t\t\t\t<\/div>\n\t\t\t\t<\/div>\n\t\t\t\t<div class=\"elementor-element elementor-element-41334e5 my-gallery elementor-widget elementor-widget-gallery\" data-id=\"41334e5\" data-element_type=\"widget\" data-e-type=\"widget\" data-settings=\"{&quot;columns&quot;:3,&quot;lazyload&quot;:&quot;yes&quot;,&quot;gallery_layout&quot;:&quot;grid&quot;,&quot;columns_tablet&quot;:2,&quot;columns_mobile&quot;:1,&quot;gap&quot;:{&quot;unit&quot;:&quot;px&quot;,&quot;size&quot;:10,&quot;sizes&quot;:[]},&quot;gap_tablet&quot;:{&quot;unit&quot;:&quot;px&quot;,&quot;size&quot;:10,&quot;sizes&quot;:[]},&quot;gap_mobile&quot;:{&quot;unit&quot;:&quot;px&quot;,&quot;size&quot;:10,&quot;sizes&quot;:[]},&quot;link_to&quot;:&quot;file&quot;,&quot;aspect_ratio&quot;:&quot;3:2&quot;,&quot;overlay_background&quot;:&quot;yes&quot;,&quot;content_hover_animation&quot;:&quot;fade-in&quot;}\" data-widget_type=\"gallery.default\">\n\t\t\t\t\t\t\t<div class=\"elementor-gallery__container\">\n\t\t\t\t\t\t\t<a class=\"e-gallery-item elementor-gallery-item elementor-animated-content\" href=\"https:\/\/procontainers.eu\/wp-content\/uploads\/2026\/04\/IMG_3760.webp\" data-elementor-open-lightbox=\"yes\" data-elementor-lightbox-slideshow=\"41334e5\" data-e-action-hash=\"#elementor-action%3Aaction%3Dlightbox%26settings%3DeyJpZCI6NTk1OCwidXJsIjoiaHR0cHM6XC9cL3Byb2NvbnRhaW5lcnMuZXVcL3dwLWNvbnRlbnRcL3VwbG9hZHNcLzIwMjZcLzA0XC9JTUdfMzc2MC53ZWJwIiwic2xpZGVzaG93IjoiNDEzMzRlNSJ9\">\n\t\t\t\t\t<div class=\"e-gallery-image elementor-gallery-item__image\" data-thumbnail=\"https:\/\/procontainers.eu\/wp-content\/uploads\/2026\/04\/IMG_3760.webp\" data-width=\"1024\" data-height=\"768\" aria-label=\"\" role=\"img\" ><\/div>\n\t\t\t\t\t\t\t\t\t\t\t<div class=\"elementor-gallery-item__overlay\"><\/div>\n\t\t\t\t\t\t\t\t\t\t\t\t\t\t<\/a>\n\t\t\t\t\t\t\t<a class=\"e-gallery-item elementor-gallery-item elementor-animated-content\" href=\"https:\/\/procontainers.eu\/wp-content\/uploads\/2026\/04\/IMG_3770.webp\" data-elementor-open-lightbox=\"yes\" data-elementor-lightbox-slideshow=\"41334e5\" data-e-action-hash=\"#elementor-action%3Aaction%3Dlightbox%26settings%3DeyJpZCI6NTk1OSwidXJsIjoiaHR0cHM6XC9cL3Byb2NvbnRhaW5lcnMuZXVcL3dwLWNvbnRlbnRcL3VwbG9hZHNcLzIwMjZcLzA0XC9JTUdfMzc3MC53ZWJwIiwic2xpZGVzaG93IjoiNDEzMzRlNSJ9\">\n\t\t\t\t\t<div class=\"e-gallery-image elementor-gallery-item__image\" data-thumbnail=\"https:\/\/procontainers.eu\/wp-content\/uploads\/2026\/04\/IMG_3770.webp\" data-width=\"1024\" data-height=\"768\" aria-label=\"\" role=\"img\" ><\/div>\n\t\t\t\t\t\t\t\t\t\t\t<div class=\"elementor-gallery-item__overlay\"><\/div>\n\t\t\t\t\t\t\t\t\t\t\t\t\t\t<\/a>\n\t\t\t\t\t\t\t<a class=\"e-gallery-item elementor-gallery-item elementor-animated-content\" href=\"https:\/\/procontainers.eu\/wp-content\/uploads\/2026\/04\/IMG_3780.webp\" data-elementor-open-lightbox=\"yes\" data-elementor-lightbox-slideshow=\"41334e5\" data-e-action-hash=\"#elementor-action%3Aaction%3Dlightbox%26settings%3DeyJpZCI6NTk2MCwidXJsIjoiaHR0cHM6XC9cL3Byb2NvbnRhaW5lcnMuZXVcL3dwLWNvbnRlbnRcL3VwbG9hZHNcLzIwMjZcLzA0XC9JTUdfMzc4MC53ZWJwIiwic2xpZGVzaG93IjoiNDEzMzRlNSJ9\">\n\t\t\t\t\t<div class=\"e-gallery-image elementor-gallery-item__image\" data-thumbnail=\"https:\/\/procontainers.eu\/wp-content\/uploads\/2026\/04\/IMG_3780.webp\" data-width=\"1024\" data-height=\"768\" aria-label=\"\" role=\"img\" ><\/div>\n\t\t\t\t\t\t\t\t\t\t\t<div class=\"elementor-gallery-item__overlay\"><\/div>\n\t\t\t\t\t\t\t\t\t\t\t\t\t\t<\/a>\n\t\t\t\t\t\t\t<a class=\"e-gallery-item elementor-gallery-item elementor-animated-content\" href=\"https:\/\/procontainers.eu\/wp-content\/uploads\/2026\/04\/IMG_3781.webp\" data-elementor-open-lightbox=\"yes\" data-elementor-lightbox-slideshow=\"41334e5\" data-e-action-hash=\"#elementor-action%3Aaction%3Dlightbox%26settings%3DeyJpZCI6NTk2MSwidXJsIjoiaHR0cHM6XC9cL3Byb2NvbnRhaW5lcnMuZXVcL3dwLWNvbnRlbnRcL3VwbG9hZHNcLzIwMjZcLzA0XC9JTUdfMzc4MS53ZWJwIiwic2xpZGVzaG93IjoiNDEzMzRlNSJ9\">\n\t\t\t\t\t<div class=\"e-gallery-image elementor-gallery-item__image\" data-thumbnail=\"https:\/\/procontainers.eu\/wp-content\/uploads\/2026\/04\/IMG_3781.webp\" data-width=\"1024\" data-height=\"768\" aria-label=\"\" role=\"img\" ><\/div>\n\t\t\t\t\t\t\t\t\t\t\t<div class=\"elementor-gallery-item__overlay\"><\/div>\n\t\t\t\t\t\t\t\t\t\t\t\t\t\t<\/a>\n\t\t\t\t\t\t\t<a class=\"e-gallery-item elementor-gallery-item elementor-animated-content\" href=\"https:\/\/procontainers.eu\/wp-content\/uploads\/2026\/04\/IMG_3784.webp\" data-elementor-open-lightbox=\"yes\" data-elementor-lightbox-slideshow=\"41334e5\" data-e-action-hash=\"#elementor-action%3Aaction%3Dlightbox%26settings%3DeyJpZCI6NTk2MiwidXJsIjoiaHR0cHM6XC9cL3Byb2NvbnRhaW5lcnMuZXVcL3dwLWNvbnRlbnRcL3VwbG9hZHNcLzIwMjZcLzA0XC9JTUdfMzc4NC53ZWJwIiwic2xpZGVzaG93IjoiNDEzMzRlNSJ9\">\n\t\t\t\t\t<div class=\"e-gallery-image elementor-gallery-item__image\" data-thumbnail=\"https:\/\/procontainers.eu\/wp-content\/uploads\/2026\/04\/IMG_3784.webp\" data-width=\"1024\" data-height=\"768\" aria-label=\"\" role=\"img\" ><\/div>\n\t\t\t\t\t\t\t\t\t\t\t<div class=\"elementor-gallery-item__overlay\"><\/div>\n\t\t\t\t\t\t\t\t\t\t\t\t\t\t<\/a>\n\t\t\t\t\t\t\t<a class=\"e-gallery-item elementor-gallery-item elementor-animated-content\" href=\"https:\/\/procontainers.eu\/wp-content\/uploads\/2026\/04\/IMG_3787.webp\" data-elementor-open-lightbox=\"yes\" data-elementor-lightbox-slideshow=\"41334e5\" data-e-action-hash=\"#elementor-action%3Aaction%3Dlightbox%26settings%3DeyJpZCI6NTk2MywidXJsIjoiaHR0cHM6XC9cL3Byb2NvbnRhaW5lcnMuZXVcL3dwLWNvbnRlbnRcL3VwbG9hZHNcLzIwMjZcLzA0XC9JTUdfMzc4Ny53ZWJwIiwic2xpZGVzaG93IjoiNDEzMzRlNSJ9\">\n\t\t\t\t\t<div class=\"e-gallery-image elementor-gallery-item__image\" data-thumbnail=\"https:\/\/procontainers.eu\/wp-content\/uploads\/2026\/04\/IMG_3787.webp\" data-width=\"1024\" data-height=\"768\" aria-label=\"\" role=\"img\" ><\/div>\n\t\t\t\t\t\t\t\t\t\t\t<div class=\"elementor-gallery-item__overlay\"><\/div>\n\t\t\t\t\t\t\t\t\t\t\t\t\t\t<\/a>\n\t\t\t\t\t<\/div>\n\t\t\t\t\t<\/div>\n\t\t\t\t<\/div>\n\t\t\t\t\t<\/div>\n\t\t\t\t<\/div>\n\t\t\t\t<\/div>","protected":false},"excerpt":{"rendered":"<p>Jelenia G\u00f3ra Przejd\u017a do strony<\/p>","protected":false},"author":2,"featured_media":0,"parent":5262,"menu_order":0,"comment_status":"closed","ping_status":"closed","template":"elementor_header_footer","meta":{"footnotes":""},"class_list":["post-5955","page","type-page","status-publish","hentry"],"yoast_head":"<!-- This site is optimized with the Yoast SEO plugin v27.3 - https:\/\/yoast.com\/product\/yoast-seo-wordpress\/ -->\n<title>Jelenia G\u00f3ra - Realizacje<\/title>\n<meta name=\"robots\" content=\"index, follow, max-snippet:-1, max-image-preview:large, max-video-preview:-1\" \/>\n<link rel=\"canonical\" href=\"https:\/\/procontainers.eu\/en\/realizacje\/\" \/>\n<meta property=\"og:locale\" content=\"en_GB\" \/>\n<meta property=\"og:type\" content=\"article\" \/>\n<meta property=\"og:title\" content=\"Jelenia G\u00f3ra - Realizacje\" \/>\n<meta property=\"og:description\" content=\"Jelenia G\u00f3ra Przejd\u017a do strony\" \/>\n<meta property=\"og:url\" content=\"https:\/\/procontainers.eu\/en\/realizacje\/\" \/>\n<meta property=\"og:site_name\" content=\"Procontainers\" \/>\n<meta property=\"article:publisher\" content=\"https:\/\/www.facebook.com\/procontainers.eu\/\" \/>\n<meta property=\"article:modified_time\" content=\"2026-04-08T03:37:46+00:00\" \/>\n<meta name=\"twitter:card\" content=\"summary_large_image\" \/>\n<script type=\"application\/ld+json\" class=\"yoast-schema-graph\">{\"@context\":\"https:\\\/\\\/schema.org\",\"@graph\":[{\"@type\":\"WebPage\",\"@id\":\"https:\\\/\\\/procontainers.eu\\\/realizacje\\\/jelenia-gora\\\/\",\"url\":\"https:\\\/\\\/procontainers.eu\\\/realizacje\",\"name\":\"Jelenia G\u00f3ra - Realizacje\",\"isPartOf\":{\"@id\":\"https:\\\/\\\/procontainers.eu\\\/#website\"},\"datePublished\":\"2026-04-08T03:35:26+00:00\",\"dateModified\":\"2026-04-08T03:37:46+00:00\",\"breadcrumb\":{\"@id\":\"https:\\\/\\\/procontainers.eu\\\/realizacje#breadcrumb\"},\"inLanguage\":\"en-GB\",\"potentialAction\":[{\"@type\":\"ReadAction\",\"target\":[\"https:\\\/\\\/procontainers.eu\\\/realizacje\"]}]},{\"@type\":\"BreadcrumbList\",\"@id\":\"https:\\\/\\\/procontainers.eu\\\/realizacje#breadcrumb\",\"itemListElement\":[{\"@type\":\"ListItem\",\"position\":1,\"name\":\"Realizacje\",\"item\":\"https:\\\/\\\/procontainers.eu\\\/realizacje\\\/\"},{\"@type\":\"ListItem\",\"position\":2,\"name\":\"Jelenia G\u00f3ra\"}]},{\"@type\":\"WebSite\",\"@id\":\"https:\\\/\\\/procontainers.eu\\\/#website\",\"url\":\"https:\\\/\\\/procontainers.eu\\\/\",\"name\":\"Procontainers\",\"description\":\"Producent sk\u0142adanych kontener\u00f3w magazynowych\",\"publisher\":{\"@id\":\"https:\\\/\\\/procontainers.eu\\\/#organization\"},\"alternateName\":\"procontainers.eu\",\"potentialAction\":[{\"@type\":\"SearchAction\",\"target\":{\"@type\":\"EntryPoint\",\"urlTemplate\":\"https:\\\/\\\/procontainers.eu\\\/?s={search_term_string}\"},\"query-input\":{\"@type\":\"PropertyValueSpecification\",\"valueRequired\":true,\"valueName\":\"search_term_string\"}}],\"inLanguage\":\"en-GB\"},{\"@type\":\"Organization\",\"@id\":\"https:\\\/\\\/procontainers.eu\\\/#organization\",\"name\":\"Procontainers\",\"alternateName\":\"procontainers.eu\",\"url\":\"https:\\\/\\\/procontainers.eu\\\/\",\"logo\":{\"@type\":\"ImageObject\",\"inLanguage\":\"en-GB\",\"@id\":\"https:\\\/\\\/procontainers.eu\\\/#\\\/schema\\\/logo\\\/image\\\/\",\"url\":\"https:\\\/\\\/procontainers.eu\\\/wp-content\\\/uploads\\\/2025\\\/04\\\/Group-15-1.png\",\"contentUrl\":\"https:\\\/\\\/procontainers.eu\\\/wp-content\\\/uploads\\\/2025\\\/04\\\/Group-15-1.png\",\"width\":1942,\"height\":274,\"caption\":\"Procontainers\"},\"image\":{\"@id\":\"https:\\\/\\\/procontainers.eu\\\/#\\\/schema\\\/logo\\\/image\\\/\"},\"sameAs\":[\"https:\\\/\\\/www.facebook.com\\\/procontainers.eu\\\/\",\"https:\\\/\\\/www.linkedin.com\\\/company\\\/procontainers-eu\\\/\"]}]}<\/script>\n<!-- \/ Yoast SEO plugin. -->","yoast_head_json":{"title":"Jelenia G\u00f3ra - Realizacje","robots":{"index":"index","follow":"follow","max-snippet":"max-snippet:-1","max-image-preview":"max-image-preview:large","max-video-preview":"max-video-preview:-1"},"canonical":"https:\/\/procontainers.eu\/en\/realizacje\/","og_locale":"en_GB","og_type":"article","og_title":"Jelenia G\u00f3ra - Realizacje","og_description":"Jelenia G\u00f3ra Przejd\u017a do strony","og_url":"https:\/\/procontainers.eu\/en\/realizacje\/","og_site_name":"Procontainers","article_publisher":"https:\/\/www.facebook.com\/procontainers.eu\/","article_modified_time":"2026-04-08T03:37:46+00:00","twitter_card":"summary_large_image","schema":{"@context":"https:\/\/schema.org","@graph":[{"@type":"WebPage","@id":"https:\/\/procontainers.eu\/realizacje\/jelenia-gora\/","url":"https:\/\/procontainers.eu\/realizacje","name":"Jelenia G\u00f3ra - Realizacje","isPartOf":{"@id":"https:\/\/procontainers.eu\/#website"},"datePublished":"2026-04-08T03:35:26+00:00","dateModified":"2026-04-08T03:37:46+00:00","breadcrumb":{"@id":"https:\/\/procontainers.eu\/realizacje#breadcrumb"},"inLanguage":"en-GB","potentialAction":[{"@type":"ReadAction","target":["https:\/\/procontainers.eu\/realizacje"]}]},{"@type":"BreadcrumbList","@id":"https:\/\/procontainers.eu\/realizacje#breadcrumb","itemListElement":[{"@type":"ListItem","position":1,"name":"Realizacje","item":"https:\/\/procontainers.eu\/realizacje\/"},{"@type":"ListItem","position":2,"name":"Jelenia G\u00f3ra"}]},{"@type":"WebSite","@id":"https:\/\/procontainers.eu\/#website","url":"https:\/\/procontainers.eu\/","name":"Procontainers","description":"Producent sk\u0142adanych kontener\u00f3w magazynowych","publisher":{"@id":"https:\/\/procontainers.eu\/#organization"},"alternateName":"procontainers.eu","potentialAction":[{"@type":"SearchAction","target":{"@type":"EntryPoint","urlTemplate":"https:\/\/procontainers.eu\/?s={search_term_string}"},"query-input":{"@type":"PropertyValueSpecification","valueRequired":true,"valueName":"search_term_string"}}],"inLanguage":"en-GB"},{"@type":"Organization","@id":"https:\/\/procontainers.eu\/#organization","name":"Procontainers","alternateName":"procontainers.eu","url":"https:\/\/procontainers.eu\/","logo":{"@type":"ImageObject","inLanguage":"en-GB","@id":"https:\/\/procontainers.eu\/#\/schema\/logo\/image\/","url":"https:\/\/procontainers.eu\/wp-content\/uploads\/2025\/04\/Group-15-1.png","contentUrl":"https:\/\/procontainers.eu\/wp-content\/uploads\/2025\/04\/Group-15-1.png","width":1942,"height":274,"caption":"Procontainers"},"image":{"@id":"https:\/\/procontainers.eu\/#\/schema\/logo\/image\/"},"sameAs":["https:\/\/www.facebook.com\/procontainers.eu\/","https:\/\/www.linkedin.com\/company\/procontainers-eu\/"]}]}},"_links":{"self":[{"href":"https:\/\/procontainers.eu\/en\/wp-json\/wp\/v2\/pages\/5955","targetHints":{"allow":["GET"]}}],"collection":[{"href":"https:\/\/procontainers.eu\/en\/wp-json\/wp\/v2\/pages"}],"about":[{"href":"https:\/\/procontainers.eu\/en\/wp-json\/wp\/v2\/types\/page"}],"author":[{"embeddable":true,"href":"https:\/\/procontainers.eu\/en\/wp-json\/wp\/v2\/users\/2"}],"replies":[{"embeddable":true,"href":"https:\/\/procontainers.eu\/en\/wp-json\/wp\/v2\/comments?post=5955"}],"version-history":[{"count":4,"href":"https:\/\/procontainers.eu\/en\/wp-json\/wp\/v2\/pages\/5955\/revisions"}],"predecessor-version":[{"id":5967,"href":"https:\/\/procontainers.eu\/en\/wp-json\/wp\/v2\/pages\/5955\/revisions\/5967"}],"up":[{"embeddable":true,"href":"https:\/\/procontainers.eu\/en\/wp-json\/wp\/v2\/pages\/5262"}],"wp:attachment":[{"href":"https:\/\/procontainers.eu\/en\/wp-json\/wp\/v2\/media?parent=5955"}],"curies":[{"name":"wp","href":"https:\/\/api.w.org\/{rel}","templated":true}]}}