{"id":5493,"date":"2025-04-16T04:41:04","date_gmt":"2025-04-16T02:41:04","guid":{"rendered":"https:\/\/procontainers.eu\/?page_id=5493"},"modified":"2025-04-25T10:47:08","modified_gmt":"2025-04-25T08:47:08","slug":"boxy-suwalki","status":"publish","type":"page","link":"https:\/\/procontainers.eu\/en\/realizacje\/boxy-suwalki\/","title":{"rendered":"Boxy Suwa\u0142ki"},"content":{"rendered":"<div data-elementor-type=\"wp-page\" data-elementor-id=\"5493\" class=\"elementor elementor-5493\" data-elementor-post-type=\"page\">\n\t\t\t\t<div class=\"elementor-element elementor-element-733e721 e-flex e-con-boxed e-con e-parent\" data-id=\"733e721\" data-element_type=\"container\" data-e-type=\"container\">\n\t\t\t\t\t<div class=\"e-con-inner\">\n\t\t<div class=\"elementor-element elementor-element-b16e082 e-con-full e-flex e-con e-child\" data-id=\"b16e082\" data-element_type=\"container\" data-e-type=\"container\">\n\t\t<div class=\"elementor-element elementor-element-4ff37d1 e-con-full e-flex e-con e-child\" data-id=\"4ff37d1\" data-element_type=\"container\" data-e-type=\"container\">\n\t\t\t\t<div class=\"elementor-element elementor-element-24e6f7b elementor-widget__width-auto elementor-widget elementor-widget-heading\" data-id=\"24e6f7b\" data-element_type=\"widget\" data-e-type=\"widget\" data-widget_type=\"heading.default\">\n\t\t\t\t\t<h1 class=\"elementor-heading-title elementor-size-default\">Boxy Suwa\u0142ki<\/h1>\t\t\t\t<\/div>\n\t\t\t\t<div class=\"elementor-element elementor-element-f218313 elementor-icon-list--layout-traditional elementor-list-item-link-full_width elementor-widget elementor-widget-icon-list\" data-id=\"f218313\" data-element_type=\"widget\" data-e-type=\"widget\" data-widget_type=\"icon-list.default\">\n\t\t\t\t\t\t\t<ul class=\"elementor-icon-list-items\">\n\t\t\t\t\t\t\t<li class=\"elementor-icon-list-item\">\n\t\t\t\t\t\t\t\t\t\t\t<a href=\"https:\/\/boxy-suwalki.pl\/\" target=\"_blank\">\n\n\t\t\t\t\t\t\t\t\t\t\t\t<span class=\"elementor-icon-list-icon\">\n\t\t\t\t\t\t\t<svg xmlns=\"http:\/\/www.w3.org\/2000\/svg\" height=\"24px\" viewbox=\"0 -960 960 960\" width=\"24px\" fill=\"#1E73E6\"><path d=\"M480-480ZM210.08-79.23 168.31-122l128-128H191.69v-60h206.39v206.38h-60v-103.61l-128 128ZM485.77-100v-60h221.92q5.39 0 8.85-3.46t3.46-8.85V-620H540v-180H252.31q-5.39 0-8.85 3.46t-3.46 8.85v390h-60v-390q0-29.92 21.19-51.12Q222.39-860 252.31-860H570l210 210v477.69q0 29.92-21.19 51.12Q737.61-100 707.69-100H485.77Z\"><\/path><\/svg>\t\t\t\t\t\t<\/span>\n\t\t\t\t\t\t\t\t\t\t<span class=\"elementor-icon-list-text\">Visit website<\/span>\n\t\t\t\t\t\t\t\t\t\t\t<\/a>\n\t\t\t\t\t\t\t\t\t<\/li>\n\t\t\t\t\t\t<\/ul>\n\t\t\t\t\t\t<\/div>\n\t\t\t\t<\/div>\n\t\t\t\t<div class=\"elementor-element elementor-element-645ba96 my-gallery elementor-widget elementor-widget-gallery\" data-id=\"645ba96\" data-element_type=\"widget\" data-e-type=\"widget\" data-settings=\"{&quot;columns&quot;:3,&quot;lazyload&quot;:&quot;yes&quot;,&quot;gallery_layout&quot;:&quot;grid&quot;,&quot;columns_tablet&quot;:2,&quot;columns_mobile&quot;:1,&quot;gap&quot;:{&quot;unit&quot;:&quot;px&quot;,&quot;size&quot;:10,&quot;sizes&quot;:[]},&quot;gap_tablet&quot;:{&quot;unit&quot;:&quot;px&quot;,&quot;size&quot;:10,&quot;sizes&quot;:[]},&quot;gap_mobile&quot;:{&quot;unit&quot;:&quot;px&quot;,&quot;size&quot;:10,&quot;sizes&quot;:[]},&quot;link_to&quot;:&quot;file&quot;,&quot;aspect_ratio&quot;:&quot;3:2&quot;,&quot;overlay_background&quot;:&quot;yes&quot;,&quot;content_hover_animation&quot;:&quot;fade-in&quot;}\" data-widget_type=\"gallery.default\">\n\t\t\t\t\t\t\t<div class=\"elementor-gallery__container\">\n\t\t\t\t\t\t\t<a class=\"e-gallery-item elementor-gallery-item elementor-animated-content\" href=\"https:\/\/procontainers.eu\/wp-content\/uploads\/2025\/04\/20231109_125028_resized-1.webp\" data-elementor-open-lightbox=\"yes\" data-elementor-lightbox-slideshow=\"645ba96\" data-e-action-hash=\"#elementor-action%3Aaction%3Dlightbox%26settings%3DeyJpZCI6NTQ5NSwidXJsIjoiaHR0cHM6XC9cL3Byb2NvbnRhaW5lcnMuZXVcL3dwLWNvbnRlbnRcL3VwbG9hZHNcLzIwMjVcLzA0XC8yMDIzMTEwOV8xMjUwMjhfcmVzaXplZC0xLndlYnAiLCJzbGlkZXNob3ciOiI2NDViYTk2In0%3D\">\n\t\t\t\t\t<div class=\"e-gallery-image elementor-gallery-item__image\" data-thumbnail=\"https:\/\/procontainers.eu\/wp-content\/uploads\/2025\/04\/20231109_125028_resized-1.webp\" data-width=\"1024\" data-height=\"768\" aria-label=\"\" role=\"img\" ><\/div>\n\t\t\t\t\t\t\t\t\t\t\t<div class=\"elementor-gallery-item__overlay\"><\/div>\n\t\t\t\t\t\t\t\t\t\t\t\t\t\t<\/a>\n\t\t\t\t\t\t\t<a class=\"e-gallery-item elementor-gallery-item elementor-animated-content\" href=\"https:\/\/procontainers.eu\/wp-content\/uploads\/2025\/04\/20231109_125042_resized.webp\" data-elementor-open-lightbox=\"yes\" data-elementor-lightbox-slideshow=\"645ba96\" data-e-action-hash=\"#elementor-action%3Aaction%3Dlightbox%26settings%3DeyJpZCI6NTQ5NiwidXJsIjoiaHR0cHM6XC9cL3Byb2NvbnRhaW5lcnMuZXVcL3dwLWNvbnRlbnRcL3VwbG9hZHNcLzIwMjVcLzA0XC8yMDIzMTEwOV8xMjUwNDJfcmVzaXplZC53ZWJwIiwic2xpZGVzaG93IjoiNjQ1YmE5NiJ9\">\n\t\t\t\t\t<div class=\"e-gallery-image elementor-gallery-item__image\" data-thumbnail=\"https:\/\/procontainers.eu\/wp-content\/uploads\/2025\/04\/20231109_125042_resized.webp\" data-width=\"1024\" data-height=\"768\" aria-label=\"\" role=\"img\" ><\/div>\n\t\t\t\t\t\t\t\t\t\t\t<div class=\"elementor-gallery-item__overlay\"><\/div>\n\t\t\t\t\t\t\t\t\t\t\t\t\t\t<\/a>\n\t\t\t\t\t\t\t<a class=\"e-gallery-item elementor-gallery-item elementor-animated-content\" href=\"https:\/\/procontainers.eu\/wp-content\/uploads\/2025\/04\/20231109_125108_resized.webp\" data-elementor-open-lightbox=\"yes\" data-elementor-lightbox-slideshow=\"645ba96\" data-e-action-hash=\"#elementor-action%3Aaction%3Dlightbox%26settings%3DeyJpZCI6NTQ5NywidXJsIjoiaHR0cHM6XC9cL3Byb2NvbnRhaW5lcnMuZXVcL3dwLWNvbnRlbnRcL3VwbG9hZHNcLzIwMjVcLzA0XC8yMDIzMTEwOV8xMjUxMDhfcmVzaXplZC53ZWJwIiwic2xpZGVzaG93IjoiNjQ1YmE5NiJ9\">\n\t\t\t\t\t<div class=\"e-gallery-image elementor-gallery-item__image\" data-thumbnail=\"https:\/\/procontainers.eu\/wp-content\/uploads\/2025\/04\/20231109_125108_resized.webp\" data-width=\"1024\" data-height=\"768\" aria-label=\"\" role=\"img\" ><\/div>\n\t\t\t\t\t\t\t\t\t\t\t<div class=\"elementor-gallery-item__overlay\"><\/div>\n\t\t\t\t\t\t\t\t\t\t\t\t\t\t<\/a>\n\t\t\t\t\t\t\t<a class=\"e-gallery-item elementor-gallery-item elementor-animated-content\" href=\"https:\/\/procontainers.eu\/wp-content\/uploads\/2025\/04\/IMG-20231107-WA0003_resized.webp\" data-elementor-open-lightbox=\"yes\" data-elementor-lightbox-slideshow=\"645ba96\" data-e-action-hash=\"#elementor-action%3Aaction%3Dlightbox%26settings%3DeyJpZCI6NTQ5OSwidXJsIjoiaHR0cHM6XC9cL3Byb2NvbnRhaW5lcnMuZXVcL3dwLWNvbnRlbnRcL3VwbG9hZHNcLzIwMjVcLzA0XC9JTUctMjAyMzExMDctV0EwMDAzX3Jlc2l6ZWQud2VicCIsInNsaWRlc2hvdyI6IjY0NWJhOTYifQ%3D%3D\">\n\t\t\t\t\t<div class=\"e-gallery-image elementor-gallery-item__image\" data-thumbnail=\"https:\/\/procontainers.eu\/wp-content\/uploads\/2025\/04\/IMG-20231107-WA0003_resized.webp\" data-width=\"1024\" data-height=\"768\" aria-label=\"\" role=\"img\" ><\/div>\n\t\t\t\t\t\t\t\t\t\t\t<div class=\"elementor-gallery-item__overlay\"><\/div>\n\t\t\t\t\t\t\t\t\t\t\t\t\t\t<\/a>\n\t\t\t\t\t\t\t<a class=\"e-gallery-item elementor-gallery-item elementor-animated-content\" href=\"https:\/\/procontainers.eu\/wp-content\/uploads\/2025\/04\/IMG-20231110-WA0010.webp\" data-elementor-open-lightbox=\"yes\" data-elementor-lightbox-slideshow=\"645ba96\" data-e-action-hash=\"#elementor-action%3Aaction%3Dlightbox%26settings%3DeyJpZCI6NTUwMCwidXJsIjoiaHR0cHM6XC9cL3Byb2NvbnRhaW5lcnMuZXVcL3dwLWNvbnRlbnRcL3VwbG9hZHNcLzIwMjVcLzA0XC9JTUctMjAyMzExMTAtV0EwMDEwLndlYnAiLCJzbGlkZXNob3ciOiI2NDViYTk2In0%3D\">\n\t\t\t\t\t<div class=\"e-gallery-image elementor-gallery-item__image\" data-thumbnail=\"https:\/\/procontainers.eu\/wp-content\/uploads\/2025\/04\/IMG-20231110-WA0010.webp\" data-width=\"1024\" data-height=\"768\" aria-label=\"\" role=\"img\" ><\/div>\n\t\t\t\t\t\t\t\t\t\t\t<div class=\"elementor-gallery-item__overlay\"><\/div>\n\t\t\t\t\t\t\t\t\t\t\t\t\t\t<\/a>\n\t\t\t\t\t\t\t<a class=\"e-gallery-item elementor-gallery-item elementor-animated-content\" href=\"https:\/\/procontainers.eu\/wp-content\/uploads\/2025\/04\/IMG-20231110-WA0011.webp\" data-elementor-open-lightbox=\"yes\" data-elementor-lightbox-slideshow=\"645ba96\" data-e-action-hash=\"#elementor-action%3Aaction%3Dlightbox%26settings%3DeyJpZCI6NTUwMSwidXJsIjoiaHR0cHM6XC9cL3Byb2NvbnRhaW5lcnMuZXVcL3dwLWNvbnRlbnRcL3VwbG9hZHNcLzIwMjVcLzA0XC9JTUctMjAyMzExMTAtV0EwMDExLndlYnAiLCJzbGlkZXNob3ciOiI2NDViYTk2In0%3D\">\n\t\t\t\t\t<div class=\"e-gallery-image elementor-gallery-item__image\" data-thumbnail=\"https:\/\/procontainers.eu\/wp-content\/uploads\/2025\/04\/IMG-20231110-WA0011.webp\" data-width=\"1024\" data-height=\"768\" aria-label=\"\" role=\"img\" ><\/div>\n\t\t\t\t\t\t\t\t\t\t\t<div class=\"elementor-gallery-item__overlay\"><\/div>\n\t\t\t\t\t\t\t\t\t\t\t\t\t\t<\/a>\n\t\t\t\t\t\t\t<a class=\"e-gallery-item elementor-gallery-item elementor-animated-content\" href=\"https:\/\/procontainers.eu\/wp-content\/uploads\/2025\/04\/IMG-20231106-WA0005.webp\" data-elementor-open-lightbox=\"yes\" data-elementor-lightbox-slideshow=\"645ba96\" data-e-action-hash=\"#elementor-action%3Aaction%3Dlightbox%26settings%3DeyJpZCI6NTQ5OCwidXJsIjoiaHR0cHM6XC9cL3Byb2NvbnRhaW5lcnMuZXVcL3dwLWNvbnRlbnRcL3VwbG9hZHNcLzIwMjVcLzA0XC9JTUctMjAyMzExMDYtV0EwMDA1LndlYnAiLCJzbGlkZXNob3ciOiI2NDViYTk2In0%3D\">\n\t\t\t\t\t<div class=\"e-gallery-image elementor-gallery-item__image\" data-thumbnail=\"https:\/\/procontainers.eu\/wp-content\/uploads\/2025\/04\/IMG-20231106-WA0005.webp\" data-width=\"1024\" data-height=\"768\" aria-label=\"\" role=\"img\" ><\/div>\n\t\t\t\t\t\t\t\t\t\t\t<div class=\"elementor-gallery-item__overlay\"><\/div>\n\t\t\t\t\t\t\t\t\t\t\t\t\t\t<\/a>\n\t\t\t\t\t<\/div>\n\t\t\t\t\t<\/div>\n\t\t\t\t<\/div>\n\t\t\t\t\t<\/div>\n\t\t\t\t<\/div>\n\t\t\t\t<\/div>","protected":false},"excerpt":{"rendered":"<p>Boxy Suwa\u0142ki Przejd\u017a do strony<\/p>","protected":false},"author":2,"featured_media":0,"parent":5262,"menu_order":0,"comment_status":"closed","ping_status":"closed","template":"elementor_header_footer","meta":{"footnotes":""},"class_list":["post-5493","page","type-page","status-publish","hentry"],"yoast_head":"<!-- This site is optimized with the Yoast SEO plugin v27.3 - https:\/\/yoast.com\/product\/yoast-seo-wordpress\/ -->\n<title>Boxy Suwa\u0142ki - Realizacje<\/title>\n<meta name=\"robots\" content=\"index, follow, max-snippet:-1, max-image-preview:large, max-video-preview:-1\" \/>\n<link rel=\"canonical\" href=\"https:\/\/procontainers.eu\/en\/realizacje\/\" \/>\n<meta property=\"og:locale\" content=\"en_GB\" \/>\n<meta property=\"og:type\" content=\"article\" \/>\n<meta property=\"og:title\" content=\"Boxy Suwa\u0142ki - Realizacje\" \/>\n<meta property=\"og:description\" content=\"Boxy Suwa\u0142ki Przejd\u017a do strony\" \/>\n<meta property=\"og:url\" content=\"https:\/\/procontainers.eu\/en\/realizacje\/\" \/>\n<meta property=\"og:site_name\" content=\"Procontainers\" \/>\n<meta property=\"article:publisher\" content=\"https:\/\/www.facebook.com\/procontainers.eu\/\" \/>\n<meta property=\"article:modified_time\" content=\"2025-04-25T08:47:08+00:00\" \/>\n<meta name=\"twitter:card\" content=\"summary_large_image\" \/>\n<script type=\"application\/ld+json\" class=\"yoast-schema-graph\">{\"@context\":\"https:\\\/\\\/schema.org\",\"@graph\":[{\"@type\":\"WebPage\",\"@id\":\"https:\\\/\\\/procontainers.eu\\\/realizacje\\\/boxy-suwalki\\\/\",\"url\":\"https:\\\/\\\/procontainers.eu\\\/realizacje\",\"name\":\"Boxy Suwa\u0142ki - Realizacje\",\"isPartOf\":{\"@id\":\"https:\\\/\\\/procontainers.eu\\\/#website\"},\"datePublished\":\"2025-04-16T02:41:04+00:00\",\"dateModified\":\"2025-04-25T08:47:08+00:00\",\"breadcrumb\":{\"@id\":\"https:\\\/\\\/procontainers.eu\\\/realizacje#breadcrumb\"},\"inLanguage\":\"en-GB\",\"potentialAction\":[{\"@type\":\"ReadAction\",\"target\":[\"https:\\\/\\\/procontainers.eu\\\/realizacje\"]}]},{\"@type\":\"BreadcrumbList\",\"@id\":\"https:\\\/\\\/procontainers.eu\\\/realizacje#breadcrumb\",\"itemListElement\":[{\"@type\":\"ListItem\",\"position\":1,\"name\":\"Realizacje\",\"item\":\"https:\\\/\\\/procontainers.eu\\\/realizacje\\\/\"},{\"@type\":\"ListItem\",\"position\":2,\"name\":\"Boxy Suwa\u0142ki\"}]},{\"@type\":\"WebSite\",\"@id\":\"https:\\\/\\\/procontainers.eu\\\/#website\",\"url\":\"https:\\\/\\\/procontainers.eu\\\/\",\"name\":\"Procontainers\",\"description\":\"Producent sk\u0142adanych kontener\u00f3w magazynowych\",\"publisher\":{\"@id\":\"https:\\\/\\\/procontainers.eu\\\/#organization\"},\"alternateName\":\"procontainers.eu\",\"potentialAction\":[{\"@type\":\"SearchAction\",\"target\":{\"@type\":\"EntryPoint\",\"urlTemplate\":\"https:\\\/\\\/procontainers.eu\\\/?s={search_term_string}\"},\"query-input\":{\"@type\":\"PropertyValueSpecification\",\"valueRequired\":true,\"valueName\":\"search_term_string\"}}],\"inLanguage\":\"en-GB\"},{\"@type\":\"Organization\",\"@id\":\"https:\\\/\\\/procontainers.eu\\\/#organization\",\"name\":\"Procontainers\",\"alternateName\":\"procontainers.eu\",\"url\":\"https:\\\/\\\/procontainers.eu\\\/\",\"logo\":{\"@type\":\"ImageObject\",\"inLanguage\":\"en-GB\",\"@id\":\"https:\\\/\\\/procontainers.eu\\\/#\\\/schema\\\/logo\\\/image\\\/\",\"url\":\"https:\\\/\\\/procontainers.eu\\\/wp-content\\\/uploads\\\/2025\\\/04\\\/Group-15-1.png\",\"contentUrl\":\"https:\\\/\\\/procontainers.eu\\\/wp-content\\\/uploads\\\/2025\\\/04\\\/Group-15-1.png\",\"width\":1942,\"height\":274,\"caption\":\"Procontainers\"},\"image\":{\"@id\":\"https:\\\/\\\/procontainers.eu\\\/#\\\/schema\\\/logo\\\/image\\\/\"},\"sameAs\":[\"https:\\\/\\\/www.facebook.com\\\/procontainers.eu\\\/\",\"https:\\\/\\\/www.linkedin.com\\\/company\\\/procontainers-eu\\\/\"]}]}<\/script>\n<!-- \/ Yoast SEO plugin. -->","yoast_head_json":{"title":"Boxy Suwa\u0142ki - Realizacje","robots":{"index":"index","follow":"follow","max-snippet":"max-snippet:-1","max-image-preview":"max-image-preview:large","max-video-preview":"max-video-preview:-1"},"canonical":"https:\/\/procontainers.eu\/en\/realizacje\/","og_locale":"en_GB","og_type":"article","og_title":"Boxy Suwa\u0142ki - Realizacje","og_description":"Boxy Suwa\u0142ki Przejd\u017a do strony","og_url":"https:\/\/procontainers.eu\/en\/realizacje\/","og_site_name":"Procontainers","article_publisher":"https:\/\/www.facebook.com\/procontainers.eu\/","article_modified_time":"2025-04-25T08:47:08+00:00","twitter_card":"summary_large_image","schema":{"@context":"https:\/\/schema.org","@graph":[{"@type":"WebPage","@id":"https:\/\/procontainers.eu\/realizacje\/boxy-suwalki\/","url":"https:\/\/procontainers.eu\/realizacje","name":"Boxy Suwa\u0142ki - Realizacje","isPartOf":{"@id":"https:\/\/procontainers.eu\/#website"},"datePublished":"2025-04-16T02:41:04+00:00","dateModified":"2025-04-25T08:47:08+00:00","breadcrumb":{"@id":"https:\/\/procontainers.eu\/realizacje#breadcrumb"},"inLanguage":"en-GB","potentialAction":[{"@type":"ReadAction","target":["https:\/\/procontainers.eu\/realizacje"]}]},{"@type":"BreadcrumbList","@id":"https:\/\/procontainers.eu\/realizacje#breadcrumb","itemListElement":[{"@type":"ListItem","position":1,"name":"Realizacje","item":"https:\/\/procontainers.eu\/realizacje\/"},{"@type":"ListItem","position":2,"name":"Boxy Suwa\u0142ki"}]},{"@type":"WebSite","@id":"https:\/\/procontainers.eu\/#website","url":"https:\/\/procontainers.eu\/","name":"Procontainers","description":"Producent sk\u0142adanych kontener\u00f3w magazynowych","publisher":{"@id":"https:\/\/procontainers.eu\/#organization"},"alternateName":"procontainers.eu","potentialAction":[{"@type":"SearchAction","target":{"@type":"EntryPoint","urlTemplate":"https:\/\/procontainers.eu\/?s={search_term_string}"},"query-input":{"@type":"PropertyValueSpecification","valueRequired":true,"valueName":"search_term_string"}}],"inLanguage":"en-GB"},{"@type":"Organization","@id":"https:\/\/procontainers.eu\/#organization","name":"Procontainers","alternateName":"procontainers.eu","url":"https:\/\/procontainers.eu\/","logo":{"@type":"ImageObject","inLanguage":"en-GB","@id":"https:\/\/procontainers.eu\/#\/schema\/logo\/image\/","url":"https:\/\/procontainers.eu\/wp-content\/uploads\/2025\/04\/Group-15-1.png","contentUrl":"https:\/\/procontainers.eu\/wp-content\/uploads\/2025\/04\/Group-15-1.png","width":1942,"height":274,"caption":"Procontainers"},"image":{"@id":"https:\/\/procontainers.eu\/#\/schema\/logo\/image\/"},"sameAs":["https:\/\/www.facebook.com\/procontainers.eu\/","https:\/\/www.linkedin.com\/company\/procontainers-eu\/"]}]}},"_links":{"self":[{"href":"https:\/\/procontainers.eu\/en\/wp-json\/wp\/v2\/pages\/5493","targetHints":{"allow":["GET"]}}],"collection":[{"href":"https:\/\/procontainers.eu\/en\/wp-json\/wp\/v2\/pages"}],"about":[{"href":"https:\/\/procontainers.eu\/en\/wp-json\/wp\/v2\/types\/page"}],"author":[{"embeddable":true,"href":"https:\/\/procontainers.eu\/en\/wp-json\/wp\/v2\/users\/2"}],"replies":[{"embeddable":true,"href":"https:\/\/procontainers.eu\/en\/wp-json\/wp\/v2\/comments?post=5493"}],"version-history":[{"count":4,"href":"https:\/\/procontainers.eu\/en\/wp-json\/wp\/v2\/pages\/5493\/revisions"}],"predecessor-version":[{"id":5504,"href":"https:\/\/procontainers.eu\/en\/wp-json\/wp\/v2\/pages\/5493\/revisions\/5504"}],"up":[{"embeddable":true,"href":"https:\/\/procontainers.eu\/en\/wp-json\/wp\/v2\/pages\/5262"}],"wp:attachment":[{"href":"https:\/\/procontainers.eu\/en\/wp-json\/wp\/v2\/media?parent=5493"}],"curies":[{"name":"wp","href":"https:\/\/api.w.org\/{rel}","templated":true}]}}