{"id":4910,"date":"2025-04-14T06:38:01","date_gmt":"2025-04-14T04:38:01","guid":{"rendered":"https:\/\/procontainers.eu\/?page_id=4910"},"modified":"2025-04-25T10:47:08","modified_gmt":"2025-04-25T08:47:08","slug":"kontakt","status":"publish","type":"page","link":"https:\/\/procontainers.eu\/en\/kontakt\/","title":{"rendered":"Contact"},"content":{"rendered":"\t\t<div data-elementor-type=\"wp-page\" data-elementor-id=\"4910\" class=\"elementor elementor-4910\" data-elementor-post-type=\"page\">\n\t\t\t\t<div class=\"elementor-element elementor-element-1af6a6f e-flex e-con-boxed e-con e-parent\" data-id=\"1af6a6f\" data-element_type=\"container\" data-e-type=\"container\" data-settings=\"{&quot;background_background&quot;:&quot;classic&quot;}\">\n\t\t\t\t\t<div class=\"e-con-inner\">\n\t\t<div class=\"elementor-element elementor-element-4006d81 e-con-full e-flex e-con e-child\" data-id=\"4006d81\" data-element_type=\"container\" data-e-type=\"container\">\n\t\t\t\t<div class=\"elementor-element elementor-element-6317647 elementor-widget__width-initial elementor-widget elementor-widget-heading\" data-id=\"6317647\" data-element_type=\"widget\" data-e-type=\"widget\" data-widget_type=\"heading.default\">\n\t\t\t\t\t<h5 class=\"elementor-heading-title elementor-size-default\">Dane firmy<\/h5>\t\t\t\t<\/div>\n\t\t\t\t<div class=\"elementor-element elementor-element-13713e6 elementor-widget elementor-widget-text-editor\" data-id=\"13713e6\" data-element_type=\"widget\" data-e-type=\"widget\" data-widget_type=\"text-editor.default\">\n\t\t\t\t\t\t\t\t\t<p>Eco Service Sp. z o.o.<br \/>ul. Atramentowa 5<br \/>55-040 Bielany Wroc\u0142awskie<br \/>Polska<\/p><p>VAT No. PL8992496007<\/p>\t\t\t\t\t\t\t\t<\/div>\n\t\t\t\t<div class=\"elementor-element elementor-element-2bf9e8b elementor-icon-list--layout-inline elementor-list-item-link-full_width elementor-widget elementor-widget-icon-list\" data-id=\"2bf9e8b\" data-element_type=\"widget\" data-e-type=\"widget\" data-widget_type=\"icon-list.default\">\n\t\t\t\t\t\t\t<ul class=\"elementor-icon-list-items elementor-inline-items\">\n\t\t\t\t\t\t\t<li class=\"elementor-icon-list-item elementor-inline-item\">\n\t\t\t\t\t\t\t\t\t\t<span class=\"elementor-icon-list-text\">kontakt@procontainers.eu<\/span>\n\t\t\t\t\t\t\t\t\t<\/li>\n\t\t\t\t\t\t<\/ul>\n\t\t\t\t\t\t<\/div>\n\t\t\t\t<div class=\"elementor-element elementor-element-558988d elementor-widget elementor-widget-html\" data-id=\"558988d\" data-element_type=\"widget\" data-e-type=\"widget\" data-widget_type=\"html.default\">\n\t\t\t\t\t<iframe src=\"https:\/\/www.google.com\/maps\/embed?pb=!1m18!1m12!1m3!1d2507.8244280803547!2d16.991204799999995!3d51.0563296!2m3!1f0!2f0!3f0!3m2!1i1024!2i768!4f13.1!3m3!1m2!1s0x470fc3810ea19667%3A0xc2db0fb07667bea8!2sProcontainers!5e0!3m2!1spl!2sdk!4v1744596859298!5m2!1spl!2sdk\" width=\"600\" height=\"450\" style=\"border:0;\" allowfullscreen=\"\" loading=\"lazy\" referrerpolicy=\"no-referrer-when-downgrade\"><\/iframe>\t\t\t\t<\/div>\n\t\t\t\t<\/div>\n\t\t<div class=\"elementor-element elementor-element-35bf769 e-con-full e-flex e-con e-child\" data-id=\"35bf769\" data-element_type=\"container\" data-e-type=\"container\" data-settings=\"{&quot;background_background&quot;:&quot;classic&quot;}\">\n\t\t\t\t<div class=\"elementor-element elementor-element-9c451df elementor-widget__width-initial elementor-widget elementor-widget-heading\" data-id=\"9c451df\" data-element_type=\"widget\" data-e-type=\"widget\" data-widget_type=\"heading.default\">\n\t\t\t\t\t<div class=\"elementor-heading-title elementor-size-default\">Formularz kontaktowy<\/div>\t\t\t\t<\/div>\n\t\t\t\t<div class=\"elementor-element elementor-element-386c0b2 elementor-button-align-stretch elementor-widget elementor-widget-form\" data-id=\"386c0b2\" data-element_type=\"widget\" data-e-type=\"widget\" data-settings=\"{&quot;step_next_label&quot;:&quot;Next&quot;,&quot;step_previous_label&quot;:&quot;Previous&quot;,&quot;button_width&quot;:&quot;100&quot;,&quot;step_type&quot;:&quot;number_text&quot;,&quot;step_icon_shape&quot;:&quot;circle&quot;}\" data-widget_type=\"form.default\">\n\t\t\t\t\t\t\t<form class=\"elementor-form\" method=\"post\" name=\"New Form\" aria-label=\"New Form\">\n\t\t\t<input type=\"hidden\" name=\"post_id\" value=\"4910\"\/>\n\t\t\t<input type=\"hidden\" name=\"form_id\" value=\"386c0b2\"\/>\n\t\t\t<input type=\"hidden\" name=\"referer_title\" value=\"Procontainers\" \/>\n\n\t\t\t\n\t\t\t<div class=\"elementor-form-fields-wrapper elementor-labels-above\">\n\t\t\t\t\t\t\t\t<div class=\"elementor-field-type-text elementor-field-group elementor-column elementor-field-group-name elementor-col-100 elementor-field-required elementor-mark-required\">\n\t\t\t\t\t\t\t\t\t\t\t\t<label for=\"form-field-name\" class=\"elementor-field-label\">\n\t\t\t\t\t\t\t\tImi\u0119 i nazwisko\t\t\t\t\t\t\t<\/label>\n\t\t\t\t\t\t\t\t\t\t\t\t\t\t<input size=\"1\" type=\"text\" name=\"form_fields[name]\" id=\"form-field-name\" class=\"elementor-field elementor-size-md  elementor-field-textual\" required=\"required\">\n\t\t\t\t\t\t\t\t\t\t\t<\/div>\n\t\t\t\t\t\t\t\t<div class=\"elementor-field-type-email elementor-field-group elementor-column elementor-field-group-email elementor-col-100 elementor-field-required elementor-mark-required\">\n\t\t\t\t\t\t\t\t\t\t\t\t<label for=\"form-field-email\" class=\"elementor-field-label\">\n\t\t\t\t\t\t\t\tEmail\t\t\t\t\t\t\t<\/label>\n\t\t\t\t\t\t\t\t\t\t\t\t\t\t<input size=\"1\" type=\"email\" name=\"form_fields[email]\" id=\"form-field-email\" class=\"elementor-field elementor-size-md  elementor-field-textual\" required=\"required\">\n\t\t\t\t\t\t\t\t\t\t\t<\/div>\n\t\t\t\t\t\t\t\t<div class=\"elementor-field-type-text elementor-field-group elementor-column elementor-field-group-field_763b8c8 elementor-col-100\">\n\t\t\t\t\t\t\t\t\t\t\t\t<label for=\"form-field-field_763b8c8\" class=\"elementor-field-label\">\n\t\t\t\t\t\t\t\tTel. kontaktowy\t\t\t\t\t\t\t<\/label>\n\t\t\t\t\t\t\t\t\t\t\t\t\t\t<input size=\"1\" type=\"text\" name=\"form_fields[field_763b8c8]\" id=\"form-field-field_763b8c8\" class=\"elementor-field elementor-size-md  elementor-field-textual\">\n\t\t\t\t\t\t\t\t\t\t\t<\/div>\n\t\t\t\t\t\t\t\t<div class=\"elementor-field-type-textarea elementor-field-group elementor-column elementor-field-group-message elementor-col-100 elementor-field-required elementor-mark-required\">\n\t\t\t\t\t\t\t\t\t\t\t\t<label for=\"form-field-message\" class=\"elementor-field-label\">\n\t\t\t\t\t\t\t\tWiadomo\u015b\u0107\t\t\t\t\t\t\t<\/label>\n\t\t\t\t\t\t<textarea class=\"elementor-field-textual elementor-field  elementor-size-md\" name=\"form_fields[message]\" id=\"form-field-message\" rows=\"4\" required=\"required\"><\/textarea>\t\t\t\t<\/div>\n\t\t\t\t\t\t\t\t<div class=\"elementor-field-type-html elementor-field-group elementor-column elementor-field-group-field_e09bd1d elementor-col-100\">\n\t\t\t\t\tProcontainers jest administratorem Twoich danych osobowych. Twoje dane przetwarzane s\u0105 w celu odpowiedzi na Twoje zapytanie. RODO daje ci prawo do dost\u0119pu do danych, mo\u017cesz r\u00f3wnie\u017c z\u0142o\u017cy\u0107 sprzeciw wobec przetwarzania. Wi\u0119cej informacji o Twoich prawach i przetwarzaniu danych znajdziesz w <a href=\"https:\/\/procontainers.eu\/polityka-prywatnosci\">Polityce prywatno\u015bci<\/a>.\t\t\t\t<\/div>\n\t\t\t\t\t\t\t\t<div class=\"elementor-field-group elementor-column elementor-field-type-submit elementor-col-100 e-form__buttons\">\n\t\t\t\t\t<button class=\"elementor-button elementor-size-md\" type=\"submit\">\n\t\t\t\t\t\t<span class=\"elementor-button-content-wrapper\">\n\t\t\t\t\t\t\t\t\t\t\t\t\t\t\t\t\t\t\t\t\t\t<span class=\"elementor-button-text\">Wy\u015blij wiadomo\u015b\u0107<\/span>\n\t\t\t\t\t\t\t\t\t\t\t\t\t<\/span>\n\t\t\t\t\t<\/button>\n\t\t\t\t<\/div>\n\t\t\t<\/div>\n\t\t<\/form>\n\t\t\t\t\t\t<\/div>\n\t\t\t\t<\/div>\n\t\t\t\t\t<\/div>\n\t\t\t\t<\/div>\n\t\t\t\t<\/div>\n\t\t","protected":false},"excerpt":{"rendered":"<p>Dane firmy Eco Service Sp. z o.o.ul. Atramentowa 555-040 Bielany Wroc\u0142awskiePolska VAT No. PL8992496007 kontakt@procontainers.eu Formularz kontaktowy<\/p>","protected":false},"author":2,"featured_media":0,"parent":0,"menu_order":0,"comment_status":"closed","ping_status":"closed","template":"elementor_header_footer","meta":{"footnotes":""},"class_list":["post-4910","page","type-page","status-publish","hentry"],"yoast_head":"<!-- This site is optimized with the Yoast SEO plugin v27.3 - https:\/\/yoast.com\/product\/yoast-seo-wordpress\/ -->\n<title>Kontakt<\/title>\n<meta name=\"robots\" content=\"index, follow, max-snippet:-1, max-image-preview:large, max-video-preview:-1\" \/>\n<link rel=\"canonical\" href=\"https:\/\/procontainers.eu\/en\/kontakt\/\" \/>\n<meta property=\"og:locale\" content=\"en_GB\" \/>\n<meta property=\"og:type\" content=\"article\" \/>\n<meta property=\"og:title\" content=\"Kontakt\" \/>\n<meta property=\"og:description\" content=\"Dane firmy Eco Service Sp. z o.o.ul. Atramentowa 555-040 Bielany Wroc\u0142awskiePolska VAT No. PL8992496007 kontakt@procontainers.eu Formularz kontaktowy\" \/>\n<meta property=\"og:url\" content=\"https:\/\/procontainers.eu\/en\/kontakt\/\" \/>\n<meta property=\"og:site_name\" content=\"Procontainers\" \/>\n<meta property=\"article:publisher\" content=\"https:\/\/www.facebook.com\/procontainers.eu\/\" \/>\n<meta property=\"article:modified_time\" content=\"2025-04-25T08:47:08+00:00\" \/>\n<meta name=\"twitter:card\" content=\"summary_large_image\" \/>\n<script type=\"application\/ld+json\" class=\"yoast-schema-graph\">{\"@context\":\"https:\\\/\\\/schema.org\",\"@graph\":[{\"@type\":\"WebPage\",\"@id\":\"https:\\\/\\\/procontainers.eu\\\/kontakt\\\/\",\"url\":\"https:\\\/\\\/procontainers.eu\\\/kontakt\\\/\",\"name\":\"Kontakt\",\"isPartOf\":{\"@id\":\"https:\\\/\\\/procontainers.eu\\\/#website\"},\"datePublished\":\"2025-04-14T04:38:01+00:00\",\"dateModified\":\"2025-04-25T08:47:08+00:00\",\"inLanguage\":\"en-GB\",\"potentialAction\":[{\"@type\":\"ReadAction\",\"target\":[\"https:\\\/\\\/procontainers.eu\\\/kontakt\\\/\"]}]},{\"@type\":\"WebSite\",\"@id\":\"https:\\\/\\\/procontainers.eu\\\/#website\",\"url\":\"https:\\\/\\\/procontainers.eu\\\/\",\"name\":\"Procontainers\",\"description\":\"Producent sk\u0142adanych kontener\u00f3w magazynowych\",\"publisher\":{\"@id\":\"https:\\\/\\\/procontainers.eu\\\/#organization\"},\"alternateName\":\"procontainers.eu\",\"potentialAction\":[{\"@type\":\"SearchAction\",\"target\":{\"@type\":\"EntryPoint\",\"urlTemplate\":\"https:\\\/\\\/procontainers.eu\\\/?s={search_term_string}\"},\"query-input\":{\"@type\":\"PropertyValueSpecification\",\"valueRequired\":true,\"valueName\":\"search_term_string\"}}],\"inLanguage\":\"en-GB\"},{\"@type\":\"Organization\",\"@id\":\"https:\\\/\\\/procontainers.eu\\\/#organization\",\"name\":\"Procontainers\",\"alternateName\":\"procontainers.eu\",\"url\":\"https:\\\/\\\/procontainers.eu\\\/\",\"logo\":{\"@type\":\"ImageObject\",\"inLanguage\":\"en-GB\",\"@id\":\"https:\\\/\\\/procontainers.eu\\\/#\\\/schema\\\/logo\\\/image\\\/\",\"url\":\"https:\\\/\\\/procontainers.eu\\\/wp-content\\\/uploads\\\/2025\\\/04\\\/Group-15-1.png\",\"contentUrl\":\"https:\\\/\\\/procontainers.eu\\\/wp-content\\\/uploads\\\/2025\\\/04\\\/Group-15-1.png\",\"width\":1942,\"height\":274,\"caption\":\"Procontainers\"},\"image\":{\"@id\":\"https:\\\/\\\/procontainers.eu\\\/#\\\/schema\\\/logo\\\/image\\\/\"},\"sameAs\":[\"https:\\\/\\\/www.facebook.com\\\/procontainers.eu\\\/\",\"https:\\\/\\\/www.linkedin.com\\\/company\\\/procontainers-eu\\\/\"]}]}<\/script>\n<!-- \/ Yoast SEO plugin. -->","yoast_head_json":{"title":"Contact","robots":{"index":"index","follow":"follow","max-snippet":"max-snippet:-1","max-image-preview":"max-image-preview:large","max-video-preview":"max-video-preview:-1"},"canonical":"https:\/\/procontainers.eu\/en\/kontakt\/","og_locale":"en_GB","og_type":"article","og_title":"Kontakt","og_description":"Dane firmy Eco Service Sp. z o.o.ul. Atramentowa 555-040 Bielany Wroc\u0142awskiePolska VAT No. PL8992496007 kontakt@procontainers.eu Formularz kontaktowy","og_url":"https:\/\/procontainers.eu\/en\/kontakt\/","og_site_name":"Procontainers","article_publisher":"https:\/\/www.facebook.com\/procontainers.eu\/","article_modified_time":"2025-04-25T08:47:08+00:00","twitter_card":"summary_large_image","schema":{"@context":"https:\/\/schema.org","@graph":[{"@type":"WebPage","@id":"https:\/\/procontainers.eu\/kontakt\/","url":"https:\/\/procontainers.eu\/kontakt\/","name":"Contact","isPartOf":{"@id":"https:\/\/procontainers.eu\/#website"},"datePublished":"2025-04-14T04:38:01+00:00","dateModified":"2025-04-25T08:47:08+00:00","inLanguage":"en-GB","potentialAction":[{"@type":"ReadAction","target":["https:\/\/procontainers.eu\/kontakt\/"]}]},{"@type":"WebSite","@id":"https:\/\/procontainers.eu\/#website","url":"https:\/\/procontainers.eu\/","name":"Procontainers","description":"Producent sk\u0142adanych kontener\u00f3w magazynowych","publisher":{"@id":"https:\/\/procontainers.eu\/#organization"},"alternateName":"procontainers.eu","potentialAction":[{"@type":"SearchAction","target":{"@type":"EntryPoint","urlTemplate":"https:\/\/procontainers.eu\/?s={search_term_string}"},"query-input":{"@type":"PropertyValueSpecification","valueRequired":true,"valueName":"search_term_string"}}],"inLanguage":"en-GB"},{"@type":"Organization","@id":"https:\/\/procontainers.eu\/#organization","name":"Procontainers","alternateName":"procontainers.eu","url":"https:\/\/procontainers.eu\/","logo":{"@type":"ImageObject","inLanguage":"en-GB","@id":"https:\/\/procontainers.eu\/#\/schema\/logo\/image\/","url":"https:\/\/procontainers.eu\/wp-content\/uploads\/2025\/04\/Group-15-1.png","contentUrl":"https:\/\/procontainers.eu\/wp-content\/uploads\/2025\/04\/Group-15-1.png","width":1942,"height":274,"caption":"Procontainers"},"image":{"@id":"https:\/\/procontainers.eu\/#\/schema\/logo\/image\/"},"sameAs":["https:\/\/www.facebook.com\/procontainers.eu\/","https:\/\/www.linkedin.com\/company\/procontainers-eu\/"]}]}},"_links":{"self":[{"href":"https:\/\/procontainers.eu\/en\/wp-json\/wp\/v2\/pages\/4910","targetHints":{"allow":["GET"]}}],"collection":[{"href":"https:\/\/procontainers.eu\/en\/wp-json\/wp\/v2\/pages"}],"about":[{"href":"https:\/\/procontainers.eu\/en\/wp-json\/wp\/v2\/types\/page"}],"author":[{"embeddable":true,"href":"https:\/\/procontainers.eu\/en\/wp-json\/wp\/v2\/users\/2"}],"replies":[{"embeddable":true,"href":"https:\/\/procontainers.eu\/en\/wp-json\/wp\/v2\/comments?post=4910"}],"version-history":[{"count":13,"href":"https:\/\/procontainers.eu\/en\/wp-json\/wp\/v2\/pages\/4910\/revisions"}],"predecessor-version":[{"id":5229,"href":"https:\/\/procontainers.eu\/en\/wp-json\/wp\/v2\/pages\/4910\/revisions\/5229"}],"wp:attachment":[{"href":"https:\/\/procontainers.eu\/en\/wp-json\/wp\/v2\/media?parent=4910"}],"curies":[{"name":"wp","href":"https:\/\/api.w.org\/{rel}","templated":true}]}}