{"id":4904,"date":"2025-04-14T06:35:29","date_gmt":"2025-04-14T04:35:29","guid":{"rendered":"https:\/\/procontainers.eu\/?page_id=4904"},"modified":"2025-04-25T10:47:07","modified_gmt":"2025-04-25T08:47:07","slug":"faq","status":"publish","type":"page","link":"https:\/\/procontainers.eu\/en\/faq\/","title":{"rendered":"FAQ"},"content":{"rendered":"\t\t<div data-elementor-type=\"wp-page\" data-elementor-id=\"4904\" class=\"elementor elementor-4904\" data-elementor-post-type=\"page\">\n\t\t\t\t<div class=\"elementor-element elementor-element-445ae95 e-flex e-con-boxed e-con e-parent\" data-id=\"445ae95\" data-element_type=\"container\" data-e-type=\"container\">\n\t\t\t\t\t<div class=\"e-con-inner\">\n\t\t<div class=\"elementor-element elementor-element-c643299 e-con-full e-flex e-con e-child\" data-id=\"c643299\" data-element_type=\"container\" data-e-type=\"container\">\n\t\t\t\t<div class=\"elementor-element elementor-element-ad10ee5 elementor-widget__width-initial elementor-widget elementor-widget-heading\" data-id=\"ad10ee5\" data-element_type=\"widget\" data-e-type=\"widget\" data-widget_type=\"heading.default\">\n\t\t\t\t\t<h1 class=\"elementor-heading-title elementor-size-default\">FAQ<\/h1>\t\t\t\t<\/div>\n\t\t\t\t<div class=\"elementor-element elementor-element-7b73342 elementor-widget__width-initial elementor-widget elementor-widget-text-editor\" data-id=\"7b73342\" data-element_type=\"widget\" data-e-type=\"widget\" data-widget_type=\"text-editor.default\">\n\t\t\t\t\t\t\t\t\tZebrali\u015bmy najcz\u0119\u015bciej zadawane pytania w jednym miejscu, aby u\u0142atwi\u0107 Ci szybkie znalezienie potrzebnych informacji. Je\u015bli nie znajdziesz tu odpowiedzi, skontaktuj si\u0119 z nami \u2013 ch\u0119tnie pomo\u017cemy! \t\t\t\t\t\t\t\t<\/div>\n\t\t\t\t<div class=\"elementor-element elementor-element-f53f2a4 elementor-widget__width-initial elementor-widget elementor-widget-html\" data-id=\"f53f2a4\" data-element_type=\"widget\" data-e-type=\"widget\" data-widget_type=\"html.default\">\n\t\t\t\t\t<style>\r\n.faq-accordion {\r\n  font-family: \"helvetica-neue-lt-pro\", sans-serif;\r\n  max-width: 100%;\r\n}\r\n\r\n.faq-item {\r\n  background: #ffffff;\r\n  border-radius: 6px;\r\n  box-shadow: 0 2px 6px rgba(0, 0, 0, 0.1);\r\n  margin-bottom: 15px;\r\n  overflow: hidden;\r\n}\r\n\r\n.faq-item input {\r\n  display: none;\r\n}\r\n\r\n.faq-question {\r\n  display: block;\r\n  font-size: 18px;\r\n  font-weight: 500;\r\n  line-height: 25px;\r\n  color: #000000;\r\n  cursor: pointer;\r\n  padding: 15px 20px;\r\n  margin: 0;\r\n}\r\n\r\n.faq-answer {\r\n  max-height: 0;\r\n  overflow: hidden;\r\n  transition: max-height 0.3s ease;\r\n  font-size: 15px;\r\n  font-weight: 300;\r\n  line-height: 23px;\r\n  color: #333333;\r\n  padding: 0 20px;\r\n}\r\n\r\n\/* Show answer when radio is checked *\/\r\n.faq-item input[type=\"radio\"]:checked ~ .faq-answer {\r\n  max-height: 1000px;\r\n  padding: 0 20px 15px 20px;\r\n}\r\n\r\n\/* Mobile adjustments *\/\r\n@media (max-width: 767px) {\r\n  .faq-question {\r\n    font-size: 16px;\r\n    line-height: 24px;\r\n  }\r\n\r\n  .faq-answer {\r\n    font-size: 15px;\r\n    line-height: 23px;\r\n  }\r\n}\r\n<\/style>\r\n\r\n<div class=\"faq-accordion\">\r\n\r\n  <!-- Hidden radio to allow closing all -->\r\n  <input type=\"radio\" name=\"faq\" id=\"faq-none\" checked style=\"display:none;\">\r\n\r\n  <!-- Pytanie 1 -->\r\n  <div class=\"faq-item\">\r\n    <input type=\"radio\" name=\"faq\" id=\"faq1\">\r\n    <label for=\"faq1\"><h4 class=\"faq-question\">1. Czy mog\u0119 zam\u00f3wi\u0107 kontener z dostaw\u0105 pod wskazany adres?<\/h4><\/label>\r\n    <div class=\"faq-answer\">\r\n      <p>Tak, oferujemy dostaw\u0119 zakupionych kontener\u00f3w na terenie ca\u0142ej Europy \u2013 bezpo\u015brednio pod wskazany adres.\r\n      Koszt transportu zale\u017cy od lokalizacji oraz szczeg\u00f3\u0142\u00f3w zam\u00f3wienia, dlatego w celu uzyskania indywidualnej wyceny zapraszamy do kontaktu za po\u015brednictwem formularza kontaktowego, podaj\u0105c nam dok\u0142adny adres oraz ilo\u015b\u0107 kontener\u00f3w.<\/p>\r\n    <\/div>\r\n  <\/div>\r\n\r\n  <!-- Pytanie 2 -->\r\n  <div class=\"faq-item\">\r\n    <input type=\"radio\" name=\"faq\" id=\"faq2\">\r\n    <label for=\"faq2\"><h4 class=\"faq-question\">2. Czy mog\u0119 zam\u00f3wi\u0107 kontener z monta\u017cem?<\/h4><\/label>\r\n    <div class=\"faq-answer\">\r\n      <p>Tak, w ramach naszej oferty zapewniamy dostaw\u0119 i monta\u017c kontener\u00f3w pod wskazany adres na terenie ca\u0142ej Europy, dzi\u0119ki czemu Klient otrzymuje gotowy do u\u017cytku produkt bez konieczno\u015bci anga\u017cowania dodatkowych ekip. Roz\u0142adunek i monta\u017c odbywaj\u0105 si\u0119 przy udziale odpowiedniego sprz\u0119tu, takiego jak w\u00f3zek wid\u0142owy, kt\u00f3rego zapewnienie le\u017cy po stronie Nabywcy.<\/p>\r\n      <p>W razie potrzeby s\u0142u\u017cymy wsparciem technicznym i doradztwem w zakresie przygotowania terenu oraz organizacji niezb\u0119dnego zaplecza do sprawnego i bezpiecznego monta\u017cu.<\/p>\r\n    <\/div>\r\n  <\/div>\r\n\r\n  <!-- Pytanie 3 -->\r\n  <div class=\"faq-item\">\r\n    <input type=\"radio\" name=\"faq\" id=\"faq3\">\r\n    <label for=\"faq3\"><h4 class=\"faq-question\">3. Czy mog\u0119 umie\u015bci\u0107 w\u0142asne logo lub zmieni\u0107 kolor kontenera?<\/h4><\/label>\r\n    <div class=\"faq-answer\">\r\n      <p>Oferujemy mo\u017cliwo\u015b\u0107 personalizacji kontener\u00f3w zgodnie z indywidualnymi wymaganiami Klienta. Na \u017cyczenie nanosimy grafik\u0119 na drzwi frontowe \u2013 mo\u017ce to by\u0107 logo firmy, numeracja, instrukcje lub inne elementy identyfikacji wizualnej. Dodatkowo umo\u017cliwiamy wyb\u00f3r koloru wybranych komponent\u00f3w, co pozwala dopasowa\u0107 kontener do charakteru obiektu lub brandingu firmy.<\/p>\r\n      <p>Personalizowany kontener nie tylko pe\u0142ni funkcj\u0119 u\u017cytkow\u0105, ale staje si\u0119 r\u00f3wnie\u017c sp\u00f3jnym elementem wizerunkowym Twojej dzia\u0142alno\u015bci.<\/p>\r\n    <\/div>\r\n  <\/div>\r\n\r\n  <!-- Pytanie 4 -->\r\n  <div class=\"faq-item\">\r\n    <input type=\"radio\" name=\"faq\" id=\"faq4\">\r\n    <label for=\"faq4\"><h4 class=\"faq-question\">4. Jaki jest czas oczekiwania na zam\u00f3wienie?<\/h4><\/label>\r\n    <div class=\"faq-answer\">\r\n      <p>Termin realizacji zam\u00f3wienia jest ka\u017cdorazowo okre\u015blany indywidualnie i zale\u017cy od wybranego typu kontenera, jego konfiguracji oraz wielko\u015bci zam\u00f3wienia. Standardowy czas produkcji i dostawy wynosi \u015brednio od 4 do 6 tygodni od momentu zaksi\u0119gowania zadatku. Do ka\u017cdego zlecenia podchodzimy elastycznie, d\u0105\u017c\u0105c do jak najszybszego i terminowego wykonania.<\/p>\r\n    <\/div>\r\n  <\/div>\r\n\r\n  <!-- Pytanie 5 -->\r\n  <div class=\"faq-item\">\r\n    <input type=\"radio\" name=\"faq\" id=\"faq5\">\r\n    <label for=\"faq5\"><h4 class=\"faq-question\">5. Jak przygotowa\u0107 teren pod kontenery?<\/h4><\/label>\r\n    <div class=\"faq-answer\">\r\n      <p>Dzi\u0119ki swojej samono\u015bnej konstrukcji, do postawienia kontener\u00f3w nie jest wymagane przygotowanie fundament\u00f3w, ani przeprowadzenie innych specjalistycznych prac ziemnych. Wystarczy odpowiedniej wielko\u015bci wzgl\u0119dnie wyr\u00f3wnana powierzchnia, nawet nieutwardzona. Za punkty podparcia z powodzeniem pos\u0142u\u017c\u0105 odpowiednio u\u0142o\u017cone i wypoziomowane bloczki betonowe, p\u0142yty chodnikowe, drewniane klocki lub inne tym podobne elementy.<\/p>\r\n    <\/div>\r\n  <\/div>\r\n\r\n<\/div>\r\n\r\n<!-- FAQ Schema for SEO -->\r\n<script type=\"application\/ld+json\">\r\n{\r\n  \"@context\": \"https:\/\/schema.org\",\r\n  \"@type\": \"FAQPage\",\r\n  \"mainEntity\": [\r\n    {\r\n      \"@type\": \"Question\",\r\n      \"name\": \"Czy mog\u0119 zam\u00f3wi\u0107 kontener z dostaw\u0105 pod wskazany adres?\",\r\n      \"acceptedAnswer\": {\r\n        \"@type\": \"Answer\",\r\n        \"text\": \"Tak, oferujemy dostaw\u0119 zakupionych kontener\u00f3w na terenie ca\u0142ej Europy \u2013 bezpo\u015brednio pod wskazany adres. Koszt transportu zale\u017cy od lokalizacji oraz szczeg\u00f3\u0142\u00f3w zam\u00f3wienia...\"\r\n      }\r\n    },\r\n    {\r\n      \"@type\": \"Question\",\r\n      \"name\": \"Czy mog\u0119 zam\u00f3wi\u0107 kontener z monta\u017cem?\",\r\n      \"acceptedAnswer\": {\r\n        \"@type\": \"Answer\",\r\n        \"text\": \"Tak, w ramach naszej oferty zapewniamy dostaw\u0119 i monta\u017c kontener\u00f3w pod wskazany adres...\"\r\n      }\r\n    },\r\n    {\r\n      \"@type\": \"Question\",\r\n      \"name\": \"Czy mog\u0119 umie\u015bci\u0107 w\u0142asne logo lub zmieni\u0107 kolor kontenera?\",\r\n      \"acceptedAnswer\": {\r\n        \"@type\": \"Answer\",\r\n        \"text\": \"Oferujemy mo\u017cliwo\u015b\u0107 personalizacji kontener\u00f3w zgodnie z indywidualnymi wymaganiami Klienta...\"\r\n      }\r\n    },\r\n    {\r\n      \"@type\": \"Question\",\r\n      \"name\": \"Jaki jest czas oczekiwania na zam\u00f3wienie?\",\r\n      \"acceptedAnswer\": {\r\n        \"@type\": \"Answer\",\r\n        \"text\": \"Termin realizacji zam\u00f3wienia jest ka\u017cdorazowo okre\u015blany indywidualnie i zale\u017cy od typu kontenera...\"\r\n      }\r\n    },\r\n    {\r\n      \"@type\": \"Question\",\r\n      \"name\": \"Jak przygotowa\u0107 teren pod kontenery?\",\r\n      \"acceptedAnswer\": {\r\n        \"@type\": \"Answer\",\r\n        \"text\": \"Dzi\u0119ki samono\u015bnej konstrukcji nie jest wymagane przygotowanie fundament\u00f3w. Wystarczy wyr\u00f3wnana powierzchnia oraz bloczki betonowe, p\u0142yty chodnikowe lub podobne elementy.\"\r\n      }\r\n    }\r\n  ]\r\n}\r\n<\/script>\r\n\r\n\t\t\t\t<\/div>\n\t\t\t\t<\/div>\n\t\t<div class=\"elementor-element elementor-element-9a8bbe2 e-con-full elementor-hidden-mobile elementor-hidden-desktop elementor-hidden-tablet e-flex e-con e-child\" data-id=\"9a8bbe2\" data-element_type=\"container\" data-e-type=\"container\">\n\t\t\t\t<div class=\"elementor-element elementor-element-1d884ce elementor-widget elementor-widget-heading\" data-id=\"1d884ce\" data-element_type=\"widget\" data-e-type=\"widget\" data-widget_type=\"heading.default\">\n\t\t\t\t\t<h3 class=\"elementor-heading-title elementor-size-default\">Dane kontaktowe<\/h3>\t\t\t\t<\/div>\n\t\t\t\t<div class=\"elementor-element elementor-element-94a2a22 elementor-widget elementor-widget-text-editor\" data-id=\"94a2a22\" data-element_type=\"widget\" data-e-type=\"widget\" data-widget_type=\"text-editor.default\">\n\t\t\t\t\t\t\t\t\t<p>Eco Service Sp. z o.o.<br \/>ul. Atramentowa 5<br \/>55-040 Bielany Wroc\u0142awskie<br \/>Polska<\/p><p>VAT No. PL8992496007<\/p>\t\t\t\t\t\t\t\t<\/div>\n\t\t\t\t<div class=\"elementor-element elementor-element-f7e9def elementor-icon-list--layout-inline elementor-hidden-mobile elementor-list-item-link-full_width elementor-widget elementor-widget-icon-list\" data-id=\"f7e9def\" data-element_type=\"widget\" data-e-type=\"widget\" data-widget_type=\"icon-list.default\">\n\t\t\t\t\t\t\t<ul class=\"elementor-icon-list-items elementor-inline-items\">\n\t\t\t\t\t\t\t<li class=\"elementor-icon-list-item elementor-inline-item\">\n\t\t\t\t\t\t\t\t\t\t<span class=\"elementor-icon-list-text\">kontakt@procontainers.eu<\/span>\n\t\t\t\t\t\t\t\t\t<\/li>\n\t\t\t\t\t\t<\/ul>\n\t\t\t\t\t\t<\/div>\n\t\t\t\t<\/div>\n\t\t\t\t\t<\/div>\n\t\t\t\t<\/div>\n\t\t<div class=\"elementor-element elementor-element-4b976be e-flex e-con-boxed e-con e-parent\" data-id=\"4b976be\" data-element_type=\"container\" data-e-type=\"container\" data-settings=\"{&quot;background_background&quot;:&quot;classic&quot;}\">\n\t\t\t\t\t<div class=\"e-con-inner\">\n\t\t<div class=\"elementor-element elementor-element-7de50d4 e-con-full e-flex e-con e-child\" data-id=\"7de50d4\" data-element_type=\"container\" data-e-type=\"container\">\n\t\t\t\t<div class=\"elementor-element elementor-element-dfba9fd elementor-widget__width-initial elementor-widget elementor-widget-heading\" data-id=\"dfba9fd\" data-element_type=\"widget\" data-e-type=\"widget\" data-widget_type=\"heading.default\">\n\t\t\t\t\t<h5 class=\"elementor-heading-title elementor-size-default\">Dane firmy<\/h5>\t\t\t\t<\/div>\n\t\t\t\t<div class=\"elementor-element elementor-element-9533ae6 elementor-widget elementor-widget-text-editor\" data-id=\"9533ae6\" data-element_type=\"widget\" data-e-type=\"widget\" data-widget_type=\"text-editor.default\">\n\t\t\t\t\t\t\t\t\t<p>Eco Service Sp. z o.o.<br \/>ul. Atramentowa 5<br \/>55-040 Bielany Wroc\u0142awskie<br \/>Polska<\/p><p>VAT No. PL8992496007<\/p>\t\t\t\t\t\t\t\t<\/div>\n\t\t\t\t<div class=\"elementor-element elementor-element-8c55598 elementor-icon-list--layout-inline elementor-list-item-link-full_width elementor-widget elementor-widget-icon-list\" data-id=\"8c55598\" data-element_type=\"widget\" data-e-type=\"widget\" data-widget_type=\"icon-list.default\">\n\t\t\t\t\t\t\t<ul class=\"elementor-icon-list-items elementor-inline-items\">\n\t\t\t\t\t\t\t<li class=\"elementor-icon-list-item elementor-inline-item\">\n\t\t\t\t\t\t\t\t\t\t<span class=\"elementor-icon-list-text\">kontakt@procontainers.eu<\/span>\n\t\t\t\t\t\t\t\t\t<\/li>\n\t\t\t\t\t\t<\/ul>\n\t\t\t\t\t\t<\/div>\n\t\t\t\t<div class=\"elementor-element elementor-element-01752c3 elementor-widget elementor-widget-html\" data-id=\"01752c3\" data-element_type=\"widget\" data-e-type=\"widget\" data-widget_type=\"html.default\">\n\t\t\t\t\t<iframe src=\"https:\/\/www.google.com\/maps\/embed?pb=!1m18!1m12!1m3!1d2507.8244280803547!2d16.991204799999995!3d51.0563296!2m3!1f0!2f0!3f0!3m2!1i1024!2i768!4f13.1!3m3!1m2!1s0x470fc3810ea19667%3A0xc2db0fb07667bea8!2sProcontainers!5e0!3m2!1spl!2sdk!4v1744596859298!5m2!1spl!2sdk\" width=\"600\" height=\"450\" style=\"border:0;\" allowfullscreen=\"\" loading=\"lazy\" referrerpolicy=\"no-referrer-when-downgrade\"><\/iframe>\t\t\t\t<\/div>\n\t\t\t\t<\/div>\n\t\t<div class=\"elementor-element elementor-element-6abe87c e-con-full e-flex e-con e-child\" data-id=\"6abe87c\" data-element_type=\"container\" data-e-type=\"container\" data-settings=\"{&quot;background_background&quot;:&quot;classic&quot;}\">\n\t\t\t\t<div class=\"elementor-element elementor-element-c8ad6d4 elementor-widget__width-initial elementor-widget elementor-widget-heading\" data-id=\"c8ad6d4\" data-element_type=\"widget\" data-e-type=\"widget\" data-widget_type=\"heading.default\">\n\t\t\t\t\t<div class=\"elementor-heading-title elementor-size-default\">Formularz kontaktowy<\/div>\t\t\t\t<\/div>\n\t\t\t\t<div class=\"elementor-element elementor-element-3d957d3 elementor-button-align-stretch elementor-widget elementor-widget-form\" data-id=\"3d957d3\" data-element_type=\"widget\" data-e-type=\"widget\" data-settings=\"{&quot;step_next_label&quot;:&quot;Next&quot;,&quot;step_previous_label&quot;:&quot;Previous&quot;,&quot;button_width&quot;:&quot;100&quot;,&quot;step_type&quot;:&quot;number_text&quot;,&quot;step_icon_shape&quot;:&quot;circle&quot;}\" data-widget_type=\"form.default\">\n\t\t\t\t\t\t\t<form class=\"elementor-form\" method=\"post\" name=\"New Form\" aria-label=\"New Form\">\n\t\t\t<input type=\"hidden\" name=\"post_id\" value=\"4904\"\/>\n\t\t\t<input type=\"hidden\" name=\"form_id\" value=\"3d957d3\"\/>\n\t\t\t<input type=\"hidden\" name=\"referer_title\" value=\"Procontainers\" \/>\n\n\t\t\t\n\t\t\t<div class=\"elementor-form-fields-wrapper elementor-labels-above\">\n\t\t\t\t\t\t\t\t<div class=\"elementor-field-type-text elementor-field-group elementor-column elementor-field-group-name elementor-col-100 elementor-field-required elementor-mark-required\">\n\t\t\t\t\t\t\t\t\t\t\t\t<label for=\"form-field-name\" class=\"elementor-field-label\">\n\t\t\t\t\t\t\t\tImi\u0119 i nazwisko\t\t\t\t\t\t\t<\/label>\n\t\t\t\t\t\t\t\t\t\t\t\t\t\t<input size=\"1\" type=\"text\" name=\"form_fields[name]\" id=\"form-field-name\" class=\"elementor-field elementor-size-md  elementor-field-textual\" required=\"required\">\n\t\t\t\t\t\t\t\t\t\t\t<\/div>\n\t\t\t\t\t\t\t\t<div class=\"elementor-field-type-email elementor-field-group elementor-column elementor-field-group-email elementor-col-100 elementor-field-required elementor-mark-required\">\n\t\t\t\t\t\t\t\t\t\t\t\t<label for=\"form-field-email\" class=\"elementor-field-label\">\n\t\t\t\t\t\t\t\tEmail\t\t\t\t\t\t\t<\/label>\n\t\t\t\t\t\t\t\t\t\t\t\t\t\t<input size=\"1\" type=\"email\" name=\"form_fields[email]\" id=\"form-field-email\" class=\"elementor-field elementor-size-md  elementor-field-textual\" required=\"required\">\n\t\t\t\t\t\t\t\t\t\t\t<\/div>\n\t\t\t\t\t\t\t\t<div class=\"elementor-field-type-text elementor-field-group elementor-column elementor-field-group-field_763b8c8 elementor-col-100\">\n\t\t\t\t\t\t\t\t\t\t\t\t<label for=\"form-field-field_763b8c8\" class=\"elementor-field-label\">\n\t\t\t\t\t\t\t\tTel. kontaktowy\t\t\t\t\t\t\t<\/label>\n\t\t\t\t\t\t\t\t\t\t\t\t\t\t<input size=\"1\" type=\"text\" name=\"form_fields[field_763b8c8]\" id=\"form-field-field_763b8c8\" class=\"elementor-field elementor-size-md  elementor-field-textual\">\n\t\t\t\t\t\t\t\t\t\t\t<\/div>\n\t\t\t\t\t\t\t\t<div class=\"elementor-field-type-textarea elementor-field-group elementor-column elementor-field-group-message elementor-col-100 elementor-field-required elementor-mark-required\">\n\t\t\t\t\t\t\t\t\t\t\t\t<label for=\"form-field-message\" class=\"elementor-field-label\">\n\t\t\t\t\t\t\t\tWiadomo\u015b\u0107\t\t\t\t\t\t\t<\/label>\n\t\t\t\t\t\t<textarea class=\"elementor-field-textual elementor-field  elementor-size-md\" name=\"form_fields[message]\" id=\"form-field-message\" rows=\"4\" required=\"required\"><\/textarea>\t\t\t\t<\/div>\n\t\t\t\t\t\t\t\t<div class=\"elementor-field-type-html elementor-field-group elementor-column elementor-field-group-field_e09bd1d elementor-col-100\">\n\t\t\t\t\tProcontainers jest administratorem Twoich danych osobowych. Twoje dane przetwarzane s\u0105 w celu odpowiedzi na Twoje zapytanie. RODO daje ci prawo do dost\u0119pu do danych, mo\u017cesz r\u00f3wnie\u017c z\u0142o\u017cy\u0107 sprzeciw wobec przetwarzania. Wi\u0119cej informacji o Twoich prawach i przetwarzaniu danych znajdziesz w <a href=\"https:\/\/procontainers.eu\/polityka-prywatnosci\">Polityce prywatno\u015bci<\/a>.\t\t\t\t<\/div>\n\t\t\t\t\t\t\t\t<div class=\"elementor-field-group elementor-column elementor-field-type-submit elementor-col-100 e-form__buttons\">\n\t\t\t\t\t<button class=\"elementor-button elementor-size-md\" type=\"submit\">\n\t\t\t\t\t\t<span class=\"elementor-button-content-wrapper\">\n\t\t\t\t\t\t\t\t\t\t\t\t\t\t\t\t\t\t\t\t\t\t<span class=\"elementor-button-text\">Wy\u015blij wiadomo\u015b\u0107<\/span>\n\t\t\t\t\t\t\t\t\t\t\t\t\t<\/span>\n\t\t\t\t\t<\/button>\n\t\t\t\t<\/div>\n\t\t\t<\/div>\n\t\t<\/form>\n\t\t\t\t\t\t<\/div>\n\t\t\t\t<\/div>\n\t\t\t\t\t<\/div>\n\t\t\t\t<\/div>\n\t\t\t\t<\/div>\n\t\t","protected":false},"excerpt":{"rendered":"<p>FAQ Zebrali\u015bmy najcz\u0119\u015bciej zadawane pytania w jednym miejscu, aby u\u0142atwi\u0107 Ci szybkie znalezienie potrzebnych informacji. Je\u015bli nie znajdziesz tu odpowiedzi, skontaktuj si\u0119 z nami \u2013 ch\u0119tnie pomo\u017cemy! 1. Czy mog\u0119 zam\u00f3wi\u0107 kontener z dostaw\u0105 pod wskazany adres? Tak, oferujemy dostaw\u0119 zakupionych kontener\u00f3w na terenie ca\u0142ej Europy \u2013 bezpo\u015brednio pod wskazany adres. Koszt transportu zale\u017cy od [&hellip;]<\/p>\n","protected":false},"author":2,"featured_media":0,"parent":0,"menu_order":0,"comment_status":"closed","ping_status":"closed","template":"elementor_header_footer","meta":{"footnotes":""},"class_list":["post-4904","page","type-page","status-publish","hentry"],"yoast_head":"<!-- This site is optimized with the Yoast SEO plugin v27.3 - https:\/\/yoast.com\/product\/yoast-seo-wordpress\/ -->\n<title>FAQ<\/title>\n<meta name=\"description\" content=\"Zebrali\u015bmy najcz\u0119\u015bciej zadawane pytania w jednym miejscu, aby u\u0142atwi\u0107 Ci szybkie znalezienie potrzebnych informacji.\" \/>\n<meta name=\"robots\" content=\"index, follow, max-snippet:-1, max-image-preview:large, max-video-preview:-1\" \/>\n<link rel=\"canonical\" href=\"https:\/\/procontainers.eu\/en\/faq\/\" \/>\n<meta property=\"og:locale\" content=\"en_GB\" \/>\n<meta property=\"og:type\" content=\"article\" \/>\n<meta property=\"og:title\" content=\"FAQ\" \/>\n<meta property=\"og:description\" content=\"Zebrali\u015bmy najcz\u0119\u015bciej zadawane pytania w jednym miejscu, aby u\u0142atwi\u0107 Ci szybkie znalezienie potrzebnych informacji.\" \/>\n<meta property=\"og:url\" content=\"https:\/\/procontainers.eu\/en\/faq\/\" \/>\n<meta property=\"og:site_name\" content=\"Procontainers\" \/>\n<meta property=\"article:publisher\" content=\"https:\/\/www.facebook.com\/procontainers.eu\/\" \/>\n<meta property=\"article:modified_time\" content=\"2025-04-25T08:47:07+00:00\" \/>\n<meta name=\"twitter:card\" content=\"summary_large_image\" \/>\n<script type=\"application\/ld+json\" class=\"yoast-schema-graph\">{\"@context\":\"https:\\\/\\\/schema.org\",\"@graph\":[{\"@type\":\"WebPage\",\"@id\":\"https:\\\/\\\/procontainers.eu\\\/faq\\\/\",\"url\":\"https:\\\/\\\/procontainers.eu\\\/faq\\\/\",\"name\":\"FAQ\",\"isPartOf\":{\"@id\":\"https:\\\/\\\/procontainers.eu\\\/#website\"},\"datePublished\":\"2025-04-14T04:35:29+00:00\",\"dateModified\":\"2025-04-25T08:47:07+00:00\",\"description\":\"Zebrali\u015bmy najcz\u0119\u015bciej zadawane pytania w jednym miejscu, aby u\u0142atwi\u0107 Ci szybkie znalezienie potrzebnych informacji.\",\"inLanguage\":\"en-GB\",\"potentialAction\":[{\"@type\":\"ReadAction\",\"target\":[\"https:\\\/\\\/procontainers.eu\\\/faq\\\/\"]}]},{\"@type\":\"WebSite\",\"@id\":\"https:\\\/\\\/procontainers.eu\\\/#website\",\"url\":\"https:\\\/\\\/procontainers.eu\\\/\",\"name\":\"Procontainers\",\"description\":\"Producent sk\u0142adanych kontener\u00f3w magazynowych\",\"publisher\":{\"@id\":\"https:\\\/\\\/procontainers.eu\\\/#organization\"},\"alternateName\":\"procontainers.eu\",\"potentialAction\":[{\"@type\":\"SearchAction\",\"target\":{\"@type\":\"EntryPoint\",\"urlTemplate\":\"https:\\\/\\\/procontainers.eu\\\/?s={search_term_string}\"},\"query-input\":{\"@type\":\"PropertyValueSpecification\",\"valueRequired\":true,\"valueName\":\"search_term_string\"}}],\"inLanguage\":\"en-GB\"},{\"@type\":\"Organization\",\"@id\":\"https:\\\/\\\/procontainers.eu\\\/#organization\",\"name\":\"Procontainers\",\"alternateName\":\"procontainers.eu\",\"url\":\"https:\\\/\\\/procontainers.eu\\\/\",\"logo\":{\"@type\":\"ImageObject\",\"inLanguage\":\"en-GB\",\"@id\":\"https:\\\/\\\/procontainers.eu\\\/#\\\/schema\\\/logo\\\/image\\\/\",\"url\":\"https:\\\/\\\/procontainers.eu\\\/wp-content\\\/uploads\\\/2025\\\/04\\\/Group-15-1.png\",\"contentUrl\":\"https:\\\/\\\/procontainers.eu\\\/wp-content\\\/uploads\\\/2025\\\/04\\\/Group-15-1.png\",\"width\":1942,\"height\":274,\"caption\":\"Procontainers\"},\"image\":{\"@id\":\"https:\\\/\\\/procontainers.eu\\\/#\\\/schema\\\/logo\\\/image\\\/\"},\"sameAs\":[\"https:\\\/\\\/www.facebook.com\\\/procontainers.eu\\\/\",\"https:\\\/\\\/www.linkedin.com\\\/company\\\/procontainers-eu\\\/\"]}]}<\/script>\n<!-- \/ Yoast SEO plugin. -->","yoast_head_json":{"title":"FAQ","description":"Zebrali\u015bmy najcz\u0119\u015bciej zadawane pytania w jednym miejscu, aby u\u0142atwi\u0107 Ci szybkie znalezienie potrzebnych informacji.","robots":{"index":"index","follow":"follow","max-snippet":"max-snippet:-1","max-image-preview":"max-image-preview:large","max-video-preview":"max-video-preview:-1"},"canonical":"https:\/\/procontainers.eu\/en\/faq\/","og_locale":"en_GB","og_type":"article","og_title":"FAQ","og_description":"Zebrali\u015bmy najcz\u0119\u015bciej zadawane pytania w jednym miejscu, aby u\u0142atwi\u0107 Ci szybkie znalezienie potrzebnych informacji.","og_url":"https:\/\/procontainers.eu\/en\/faq\/","og_site_name":"Procontainers","article_publisher":"https:\/\/www.facebook.com\/procontainers.eu\/","article_modified_time":"2025-04-25T08:47:07+00:00","twitter_card":"summary_large_image","schema":{"@context":"https:\/\/schema.org","@graph":[{"@type":"WebPage","@id":"https:\/\/procontainers.eu\/faq\/","url":"https:\/\/procontainers.eu\/faq\/","name":"FAQ","isPartOf":{"@id":"https:\/\/procontainers.eu\/#website"},"datePublished":"2025-04-14T04:35:29+00:00","dateModified":"2025-04-25T08:47:07+00:00","description":"Zebrali\u015bmy najcz\u0119\u015bciej zadawane pytania w jednym miejscu, aby u\u0142atwi\u0107 Ci szybkie znalezienie potrzebnych informacji.","inLanguage":"en-GB","potentialAction":[{"@type":"ReadAction","target":["https:\/\/procontainers.eu\/faq\/"]}]},{"@type":"WebSite","@id":"https:\/\/procontainers.eu\/#website","url":"https:\/\/procontainers.eu\/","name":"Procontainers","description":"Producent sk\u0142adanych kontener\u00f3w magazynowych","publisher":{"@id":"https:\/\/procontainers.eu\/#organization"},"alternateName":"procontainers.eu","potentialAction":[{"@type":"SearchAction","target":{"@type":"EntryPoint","urlTemplate":"https:\/\/procontainers.eu\/?s={search_term_string}"},"query-input":{"@type":"PropertyValueSpecification","valueRequired":true,"valueName":"search_term_string"}}],"inLanguage":"en-GB"},{"@type":"Organization","@id":"https:\/\/procontainers.eu\/#organization","name":"Procontainers","alternateName":"procontainers.eu","url":"https:\/\/procontainers.eu\/","logo":{"@type":"ImageObject","inLanguage":"en-GB","@id":"https:\/\/procontainers.eu\/#\/schema\/logo\/image\/","url":"https:\/\/procontainers.eu\/wp-content\/uploads\/2025\/04\/Group-15-1.png","contentUrl":"https:\/\/procontainers.eu\/wp-content\/uploads\/2025\/04\/Group-15-1.png","width":1942,"height":274,"caption":"Procontainers"},"image":{"@id":"https:\/\/procontainers.eu\/#\/schema\/logo\/image\/"},"sameAs":["https:\/\/www.facebook.com\/procontainers.eu\/","https:\/\/www.linkedin.com\/company\/procontainers-eu\/"]}]}},"_links":{"self":[{"href":"https:\/\/procontainers.eu\/en\/wp-json\/wp\/v2\/pages\/4904","targetHints":{"allow":["GET"]}}],"collection":[{"href":"https:\/\/procontainers.eu\/en\/wp-json\/wp\/v2\/pages"}],"about":[{"href":"https:\/\/procontainers.eu\/en\/wp-json\/wp\/v2\/types\/page"}],"author":[{"embeddable":true,"href":"https:\/\/procontainers.eu\/en\/wp-json\/wp\/v2\/users\/2"}],"replies":[{"embeddable":true,"href":"https:\/\/procontainers.eu\/en\/wp-json\/wp\/v2\/comments?post=4904"}],"version-history":[{"count":4,"href":"https:\/\/procontainers.eu\/en\/wp-json\/wp\/v2\/pages\/4904\/revisions"}],"predecessor-version":[{"id":4908,"href":"https:\/\/procontainers.eu\/en\/wp-json\/wp\/v2\/pages\/4904\/revisions\/4908"}],"wp:attachment":[{"href":"https:\/\/procontainers.eu\/en\/wp-json\/wp\/v2\/media?parent=4904"}],"curies":[{"name":"wp","href":"https:\/\/api.w.org\/{rel}","templated":true}]}}